{"id":559,"date":"2022-10-28T08:28:36","date_gmt":"2022-10-28T08:28:36","guid":{"rendered":"https:\/\/diamondswizard.com\/?post_type=product&#038;p=559"},"modified":"2023-11-05T04:00:12","modified_gmt":"2023-11-05T04:00:12","slug":"light-pad-for-diamond-painting","status":"publish","type":"product","link":"https:\/\/diamondswizard.com\/sv\/products\/ljus-pad-for-diamant-malning\/","title":{"rendered":"Ljusdyna f\u00f6r diamantm\u00e5lning"},"content":{"rendered":"<h2 style=\"text-align: center;\">Minska din \u00f6gonbelastning f\u00f6r gott<\/h2>\n<p style=\"text-align: center;\"><img fetchpriority=\"high\" decoding=\"async\" class=\"aligncenter wp-image-563 size-full\" src=\"http:\/\/diamondswizard.com\/wp-content\/uploads\/2022\/10\/diamonds-wizard-custom-diamond-painting-kits-light-pad-2.jpg\" alt=\"\" width=\"1080\" height=\"1080\" title=\"\" srcset=\"https:\/\/diamondswizard.com\/wp-content\/uploads\/2022\/10\/diamonds-wizard-custom-diamond-painting-kits-light-pad-2.jpg 1080w, https:\/\/diamondswizard.com\/wp-content\/uploads\/2022\/10\/diamonds-wizard-custom-diamond-painting-kits-light-pad-2-300x300.jpg 300w, https:\/\/diamondswizard.com\/wp-content\/uploads\/2022\/10\/diamonds-wizard-custom-diamond-painting-kits-light-pad-2-1024x1024.jpg 1024w, https:\/\/diamondswizard.com\/wp-content\/uploads\/2022\/10\/diamonds-wizard-custom-diamond-painting-kits-light-pad-2-150x150.jpg 150w, https:\/\/diamondswizard.com\/wp-content\/uploads\/2022\/10\/diamonds-wizard-custom-diamond-painting-kits-light-pad-2-768x768.jpg 768w, https:\/\/diamondswizard.com\/wp-content\/uploads\/2022\/10\/diamonds-wizard-custom-diamond-painting-kits-light-pad-2-990x990.jpg 990w, https:\/\/diamondswizard.com\/wp-content\/uploads\/2022\/10\/diamonds-wizard-custom-diamond-painting-kits-light-pad-2-441x441.jpg 441w, https:\/\/diamondswizard.com\/wp-content\/uploads\/2022\/10\/diamonds-wizard-custom-diamond-painting-kits-light-pad-2-100x100.jpg 100w, https:\/\/diamondswizard.com\/wp-content\/uploads\/2022\/10\/diamonds-wizard-custom-diamond-painting-kits-light-pad-2-800x800.jpg 800w\" sizes=\"(max-width: 1080px) 100vw, 1080px\" \/><\/p>\n<p style=\"text-align: center;\">G\u00f6r diamantm\u00e5lning l\u00e4ttare och fri fr\u00e5n huvudv\u00e4rk tack vare A4-ljusplattan f\u00f6r diamantm\u00e5lning.<\/p>\n<p style=\"text-align: center;\">Du slipper kisa eller spendera timmar p\u00e5 att hitta det matchande m\u00f6nstret p\u00e5 canvas.<\/p>\n<p>&nbsp;<\/p>\n<p>&nbsp;<\/p>\n<h2 style=\"text-align: center;\">3 Inst\u00e4llningar f\u00f6r ljusstyrka<\/h2>\n<p style=\"text-align: center;\"><img decoding=\"async\" class=\"size-full wp-image-566 aligncenter\" src=\"http:\/\/diamondswizard.com\/wp-content\/uploads\/2022\/10\/diamonds-wizard-custom-diamond-painting-kits-light-pad-5.jpg\" alt=\"\" width=\"1000\" height=\"1000\" title=\"\" srcset=\"https:\/\/diamondswizard.com\/wp-content\/uploads\/2022\/10\/diamonds-wizard-custom-diamond-painting-kits-light-pad-5.jpg 1000w, https:\/\/diamondswizard.com\/wp-content\/uploads\/2022\/10\/diamonds-wizard-custom-diamond-painting-kits-light-pad-5-300x300.jpg 300w, https:\/\/diamondswizard.com\/wp-content\/uploads\/2022\/10\/diamonds-wizard-custom-diamond-painting-kits-light-pad-5-150x150.jpg 150w, https:\/\/diamondswizard.com\/wp-content\/uploads\/2022\/10\/diamonds-wizard-custom-diamond-painting-kits-light-pad-5-768x768.jpg 768w, https:\/\/diamondswizard.com\/wp-content\/uploads\/2022\/10\/diamonds-wizard-custom-diamond-painting-kits-light-pad-5-990x990.jpg 990w, https:\/\/diamondswizard.com\/wp-content\/uploads\/2022\/10\/diamonds-wizard-custom-diamond-painting-kits-light-pad-5-441x441.jpg 441w, https:\/\/diamondswizard.com\/wp-content\/uploads\/2022\/10\/diamonds-wizard-custom-diamond-painting-kits-light-pad-5-100x100.jpg 100w, https:\/\/diamondswizard.com\/wp-content\/uploads\/2022\/10\/diamonds-wizard-custom-diamond-painting-kits-light-pad-5-800x800.jpg 800w\" sizes=\"(max-width: 1000px) 100vw, 1000px\" \/><\/p>\n<p style=\"text-align: center;\"><span style=\"text-decoration: underline;\">St\u00e4ll in din ljusstyrka med en knapptryckning:<\/span><\/p>\n<p style=\"text-align: center;\"><strong>L\u00e5g<\/strong>: perfekt f\u00f6r mysiga kv\u00e4llar bredvid en varm \u00f6ppen spis<br \/>\n<strong>Medium<\/strong>: perfekt f\u00f6r dagtid<br \/>\n<strong>Stark<\/strong>: Perfekt f\u00f6r lugna soliga dagar i tr\u00e4dg\u00e5rden<\/p>\n<p>&nbsp;<\/p>\n<p>&nbsp;<\/p>\n<h2 style=\"text-align: center;\">L\u00e4tt och b\u00e4rbar<\/h2>\n<p style=\"text-align: center;\">Endast 3,5 mm tunn och A4-storlek, mindre \u00e4n ett anteckningsblock.<\/p>\n<p style=\"text-align: center;\">L\u00e4tt att ta med \u00f6verallt, tar ingen plats i din handv\u00e4ska<\/p>\n<p>&nbsp;<\/p>\n<p>&nbsp;<\/p>\n<h2 style=\"text-align: center;\">Tidsbegr\u00e4nsat erbjudande<\/h2>\n<p style=\"text-align: center;\"><img decoding=\"async\" class=\"size-full wp-image-568 aligncenter\" src=\"http:\/\/diamondswizard.com\/wp-content\/uploads\/2022\/10\/diamonds-wizard-custom-diamond-painting-kits-light-pad-7.jpg\" alt=\"\" width=\"1000\" height=\"1000\" title=\"\" srcset=\"https:\/\/diamondswizard.com\/wp-content\/uploads\/2022\/10\/diamonds-wizard-custom-diamond-painting-kits-light-pad-7.jpg 1000w, https:\/\/diamondswizard.com\/wp-content\/uploads\/2022\/10\/diamonds-wizard-custom-diamond-painting-kits-light-pad-7-300x300.jpg 300w, https:\/\/diamondswizard.com\/wp-content\/uploads\/2022\/10\/diamonds-wizard-custom-diamond-painting-kits-light-pad-7-150x150.jpg 150w, https:\/\/diamondswizard.com\/wp-content\/uploads\/2022\/10\/diamonds-wizard-custom-diamond-painting-kits-light-pad-7-768x768.jpg 768w, https:\/\/diamondswizard.com\/wp-content\/uploads\/2022\/10\/diamonds-wizard-custom-diamond-painting-kits-light-pad-7-990x990.jpg 990w, https:\/\/diamondswizard.com\/wp-content\/uploads\/2022\/10\/diamonds-wizard-custom-diamond-painting-kits-light-pad-7-441x441.jpg 441w, https:\/\/diamondswizard.com\/wp-content\/uploads\/2022\/10\/diamonds-wizard-custom-diamond-painting-kits-light-pad-7-100x100.jpg 100w, https:\/\/diamondswizard.com\/wp-content\/uploads\/2022\/10\/diamonds-wizard-custom-diamond-painting-kits-light-pad-7-800x800.jpg 800w\" sizes=\"(max-width: 1000px) 100vw, 1000px\" \/><\/p>\n<p style=\"text-align: center;\">Bli av med nack- och ryggsm\u00e4rtor med diamantm\u00e5lningsst\u00f6det<\/p>\n<p style=\"text-align: center;\"><strong>S\u00e4ljs vanligtvis f\u00f6r +$20<\/strong>, du kan f\u00e5 det f\u00f6r endast $9 tills lagret r\u00e4cker.<\/p>\n<p style=\"text-align: center;\"><strong>F\u00e5 din rabatterade support genom att v\u00e4lja &quot;A4 Light Pad + Support&quot; modell<\/strong><\/p>","protected":false},"excerpt":{"rendered":"<ul>\n<li><strong>Minska<\/strong> Anstr\u00e4ngda \u00f6gon<\/li>\n<li><strong>3<\/strong> Inst\u00e4llningar f\u00f6r ljusstyrka<\/li>\n<li>Ultra <strong>Tunn<\/strong> (endast 3,5 mm)<\/li>\n<li><strong>Inga batterier<\/strong> N\u00f6dv\u00e4ndig<\/li>\n<\/ul>","protected":false},"featured_media":562,"comment_status":"open","ping_status":"closed","template":"","meta":[],"product_brand":[],"product_cat":[40,43],"product_tag":[],"class_list":{"0":"post-559","1":"product","2":"type-product","3":"status-publish","4":"has-post-thumbnail","6":"product_cat-accessories","7":"product_cat-light-pad-for-diamond-painting","9":"first","10":"instock","11":"sale","12":"shipping-taxable","13":"purchasable","14":"product-type-variable","15":"has-default-attributes"},"test_pod":null,"rank_math_seo_score":"69","rank_math_focus_keyword":"Light Pad for Diamond Painting","_links":{"self":[{"href":"https:\/\/diamondswizard.com\/sv\/wp-json\/wp\/v2\/product\/559","targetHints":{"allow":["GET"]}}],"collection":[{"href":"https:\/\/diamondswizard.com\/sv\/wp-json\/wp\/v2\/product"}],"about":[{"href":"https:\/\/diamondswizard.com\/sv\/wp-json\/wp\/v2\/types\/product"}],"replies":[{"embeddable":true,"href":"https:\/\/diamondswizard.com\/sv\/wp-json\/wp\/v2\/comments?post=559"}],"wp:featuredmedia":[{"embeddable":true,"href":"https:\/\/diamondswizard.com\/sv\/wp-json\/wp\/v2\/media\/562"}],"wp:attachment":[{"href":"https:\/\/diamondswizard.com\/sv\/wp-json\/wp\/v2\/media?parent=559"}],"wp:term":[{"taxonomy":"product_brand","embeddable":true,"href":"https:\/\/diamondswizard.com\/sv\/wp-json\/wp\/v2\/product_brand?post=559"},{"taxonomy":"product_cat","embeddable":true,"href":"https:\/\/diamondswizard.com\/sv\/wp-json\/wp\/v2\/product_cat?post=559"},{"taxonomy":"product_tag","embeddable":true,"href":"https:\/\/diamondswizard.com\/sv\/wp-json\/wp\/v2\/product_tag?post=559"}],"curies":[{"name":"wp","href":"https:\/\/api.w.org\/{rel}","templated":true}]}}