{"id":15353,"date":"2023-11-18T00:00:00","date_gmt":"2023-11-18T00:00:00","guid":{"rendered":"https:\/\/diamondswizard.com\/?post_type=product&#038;p=15353"},"modified":"2023-11-05T04:18:49","modified_gmt":"2023-11-05T04:18:49","slug":"diamond-painting-white-peacocks-in-the-forest","status":"publish","type":"product","link":"https:\/\/diamondswizard.com\/sv\/products\/diamond-painting-white-peacocks-in-the-forest\/","title":{"rendered":"Diamantm\u00e5lning vita p\u00e5f\u00e5glar i skogen"},"content":{"rendered":"","protected":false},"excerpt":{"rendered":"","protected":false},"featured_media":15377,"comment_status":"open","ping_status":"closed","template":"","meta":[],"product_brand":[],"product_cat":[15,44,135],"product_tag":[],"class_list":{"0":"post-15353","1":"product","2":"type-product","3":"status-publish","4":"has-post-thumbnail","6":"product_cat-all","7":"product_cat-animals","8":"product_cat-peacock","10":"first","11":"instock","12":"sale","13":"shipping-taxable","14":"purchasable","15":"product-type-variable","16":"has-default-attributes"},"test_pod":null,"rank_math_seo_score":"68","rank_math_focus_keyword":"White Peacocks in the Forest","_links":{"self":[{"href":"https:\/\/diamondswizard.com\/sv\/wp-json\/wp\/v2\/product\/15353","targetHints":{"allow":["GET"]}}],"collection":[{"href":"https:\/\/diamondswizard.com\/sv\/wp-json\/wp\/v2\/product"}],"about":[{"href":"https:\/\/diamondswizard.com\/sv\/wp-json\/wp\/v2\/types\/product"}],"replies":[{"embeddable":true,"href":"https:\/\/diamondswizard.com\/sv\/wp-json\/wp\/v2\/comments?post=15353"}],"wp:featuredmedia":[{"embeddable":true,"href":"https:\/\/diamondswizard.com\/sv\/wp-json\/wp\/v2\/media\/15377"}],"wp:attachment":[{"href":"https:\/\/diamondswizard.com\/sv\/wp-json\/wp\/v2\/media?parent=15353"}],"wp:term":[{"taxonomy":"product_brand","embeddable":true,"href":"https:\/\/diamondswizard.com\/sv\/wp-json\/wp\/v2\/product_brand?post=15353"},{"taxonomy":"product_cat","embeddable":true,"href":"https:\/\/diamondswizard.com\/sv\/wp-json\/wp\/v2\/product_cat?post=15353"},{"taxonomy":"product_tag","embeddable":true,"href":"https:\/\/diamondswizard.com\/sv\/wp-json\/wp\/v2\/product_tag?post=15353"}],"curies":[{"name":"wp","href":"https:\/\/api.w.org\/{rel}","templated":true}]}}