{"id":11738,"date":"2023-09-28T00:00:00","date_gmt":"2023-09-28T00:00:00","guid":{"rendered":"https:\/\/diamondswizard.com\/?post_type=product&#038;p=11738"},"modified":"2023-11-05T04:15:38","modified_gmt":"2023-11-05T04:15:38","slug":"diamond-painting-adorable-german-shepherd-puppy-in-a-tree","status":"publish","type":"product","link":"https:\/\/diamondswizard.com\/sv\/products\/diamond-painting-adorable-german-shepherd-puppy-in-a-tree\/","title":{"rendered":"Diamantm\u00e5lning Bed\u00e5rande sch\u00e4fervalp i ett tr\u00e4d"},"content":{"rendered":"","protected":false},"excerpt":{"rendered":"","protected":false},"featured_media":11761,"comment_status":"open","ping_status":"closed","template":"","meta":[],"product_brand":[],"product_cat":[15,44,49,69,70],"product_tag":[],"class_list":{"0":"post-11738","1":"product","2":"type-product","3":"status-publish","4":"has-post-thumbnail","6":"product_cat-all","7":"product_cat-animals","8":"product_cat-dog","9":"product_cat-nature","10":"product_cat-tree","12":"first","13":"instock","14":"sale","15":"shipping-taxable","16":"purchasable","17":"product-type-variable","18":"has-default-attributes"},"test_pod":null,"rank_math_seo_score":"68","rank_math_focus_keyword":"Adorable German Shepherd Puppy in a Tree","_links":{"self":[{"href":"https:\/\/diamondswizard.com\/sv\/wp-json\/wp\/v2\/product\/11738","targetHints":{"allow":["GET"]}}],"collection":[{"href":"https:\/\/diamondswizard.com\/sv\/wp-json\/wp\/v2\/product"}],"about":[{"href":"https:\/\/diamondswizard.com\/sv\/wp-json\/wp\/v2\/types\/product"}],"replies":[{"embeddable":true,"href":"https:\/\/diamondswizard.com\/sv\/wp-json\/wp\/v2\/comments?post=11738"}],"wp:featuredmedia":[{"embeddable":true,"href":"https:\/\/diamondswizard.com\/sv\/wp-json\/wp\/v2\/media\/11761"}],"wp:attachment":[{"href":"https:\/\/diamondswizard.com\/sv\/wp-json\/wp\/v2\/media?parent=11738"}],"wp:term":[{"taxonomy":"product_brand","embeddable":true,"href":"https:\/\/diamondswizard.com\/sv\/wp-json\/wp\/v2\/product_brand?post=11738"},{"taxonomy":"product_cat","embeddable":true,"href":"https:\/\/diamondswizard.com\/sv\/wp-json\/wp\/v2\/product_cat?post=11738"},{"taxonomy":"product_tag","embeddable":true,"href":"https:\/\/diamondswizard.com\/sv\/wp-json\/wp\/v2\/product_tag?post=11738"}],"curies":[{"name":"wp","href":"https:\/\/api.w.org\/{rel}","templated":true}]}}