{"id":523,"date":"2022-10-27T12:00:32","date_gmt":"2022-10-27T12:00:32","guid":{"rendered":"https:\/\/diamondswizard.com\/?page_id=523"},"modified":"2024-05-02T04:06:41","modified_gmt":"2024-05-02T04:06:41","slug":"return-policy","status":"publish","type":"page","link":"https:\/\/diamondswizard.com\/sv\/returpolicy\/","title":{"rendered":"Returpolicy"},"content":{"rendered":"<p><strong>Senast uppdaterad 27 oktober 2022<\/strong><\/p>\n<p>&nbsp;<\/p>\n<p>Tack f\u00f6r ditt k\u00f6p. Vi hoppas att du \u00e4r n\u00f6jd med ditt k\u00f6p. Men om du av n\u00e5gon anledning inte \u00e4r helt n\u00f6jd med ditt k\u00f6p, kan du returnera det till oss f\u00f6r full \u00e5terbetalning, butikskredit eller byte. Se nedan f\u00f6r mer information om v\u00e5r returpolicy.<\/p>\n<p>&nbsp;<\/p>\n<h2>RETURER<\/h2>\n<p>Alla returer m\u00e5ste vara postst\u00e4mplade inom <strong>fjorton (14) dagar<\/strong> av ink\u00f6psdatumet. Alla returnerade varor m\u00e5ste vara i nya och oanv\u00e4nda skick, med alla originaletiketter och etiketter bifogade.<\/p>\n<p>&nbsp;<\/p>\n<h2>RETURPROCESS<\/h2>\n<p>F\u00f6r att returnera en vara, v\u00e4nligen maila kundtj\u00e4nst p\u00e5 contact@diamondswizard.com f\u00f6r att f\u00e5 ett RMA-nummer (Return Merchandise Authorization). Efter att ha mottagit ett RMA-nummer, placera varan s\u00e4kert i originalf\u00f6rpackningen och inkludera ditt k\u00f6pbevis, och skicka sedan din retur till adressen som du f\u00e5tt via e-post.<\/p>\n<p>Observera att du ansvarar f\u00f6r alla returfraktkostnader. Vi rekommenderar starkt att du anv\u00e4nder en sp\u00e5rbar metod f\u00f6r att skicka din retur.<\/p>\n<p>&nbsp;<\/p>\n<h2>\u00c5TERBETALNINGAR<\/h2>\n<p>Efter att ha mottagit din retur och kontrollerat skicket p\u00e5 din vara kommer vi att behandla din retur eller byte. V\u00e4nta minst fjorton (14) dagar fr\u00e5n mottagandet av din vara f\u00f6r att behandla din retur eller byte. Det kan ta 1-2 faktureringscykler innan \u00e5terbetalningar visas p\u00e5 ditt kreditkortsutdrag, beroende p\u00e5 ditt kreditkortsf\u00f6retag. Vi kommer att meddela dig via e-post n\u00e4r din retur har behandlats.<\/p>\n<p>&nbsp;<\/p>\n<h2>UNDANTAG<\/h2>\n<p>F\u00f6ljande varor kan inte returneras eller bytas:<\/p>\n<p>\u25cf anpassade objekt<\/p>\n<p>F\u00f6r defekta eller skadade produkter, v\u00e4nligen kontakta oss p\u00e5 kontaktuppgifterna nedan f\u00f6r att ordna en \u00e5terbetalning eller byte.<\/p>\n<p>&nbsp;<\/p>\n<h2>FR\u00c5GOR<\/h2>\n<p>Om du har n\u00e5gra fr\u00e5gor ang\u00e5ende v\u00e5r returpolicy, v\u00e4nligen kontakta oss p\u00e5:<\/p>\n<p><a href=\"mailto:contact@diamondswizard.com\">contact@diamondswizard.com<\/a><\/p>","protected":false},"excerpt":{"rendered":"<p>Senast uppdaterad 27 oktober 2022 Tack f\u00f6r ditt k\u00f6p. Vi hoppas att du \u00e4r n\u00f6jd med ditt k\u00f6p. Men om du av n\u00e5gon anledning inte \u00e4r helt n\u00f6jd med ditt k\u00f6p, kan du returnera det till oss f\u00f6r full \u00e5terbetalning, butikskredit eller byte. Se nedan f\u00f6r mer information om v\u00e5r [\u2026]<\/p>","protected":false},"author":1,"featured_media":0,"parent":0,"menu_order":0,"comment_status":"closed","ping_status":"closed","template":"","meta":{"footnotes":""},"class_list":["post-523","page","type-page","status-publish","hentry"],"test_pod":null,"rank_math_seo_score":"10","rank_math_focus_keyword":null,"_links":{"self":[{"href":"https:\/\/diamondswizard.com\/sv\/wp-json\/wp\/v2\/pages\/523","targetHints":{"allow":["GET"]}}],"collection":[{"href":"https:\/\/diamondswizard.com\/sv\/wp-json\/wp\/v2\/pages"}],"about":[{"href":"https:\/\/diamondswizard.com\/sv\/wp-json\/wp\/v2\/types\/page"}],"author":[{"embeddable":true,"href":"https:\/\/diamondswizard.com\/sv\/wp-json\/wp\/v2\/users\/1"}],"replies":[{"embeddable":true,"href":"https:\/\/diamondswizard.com\/sv\/wp-json\/wp\/v2\/comments?post=523"}],"version-history":[{"count":0,"href":"https:\/\/diamondswizard.com\/sv\/wp-json\/wp\/v2\/pages\/523\/revisions"}],"wp:attachment":[{"href":"https:\/\/diamondswizard.com\/sv\/wp-json\/wp\/v2\/media?parent=523"}],"curies":[{"name":"wp","href":"https:\/\/api.w.org\/{rel}","templated":true}]}}