{"id":29381,"date":"2024-05-31T00:00:00","date_gmt":"2024-05-31T00:00:00","guid":{"rendered":"https:\/\/diamondswizard.com\/?post_type=product&#038;p=29381"},"modified":"2024-04-10T07:07:04","modified_gmt":"2024-04-10T07:07:04","slug":"diamond-painting-tuscany-sunflower-fields","status":"publish","type":"product","link":"https:\/\/diamondswizard.com\/pl\/products\/diamond-painting-tuscany-sunflower-fields\/","title":{"rendered":"Diamond Painting Toska\u0144skie pola s\u0142onecznik\u00f3w"},"content":{"rendered":"","protected":false},"excerpt":{"rendered":"","protected":false},"featured_media":29393,"comment_status":"open","ping_status":"closed","template":"","meta":[],"product_brand":[],"product_cat":[15,144,71,229,73,69,227],"product_tag":[],"class_list":{"0":"post-29381","1":"product","2":"type-product","3":"status-publish","4":"has-post-thumbnail","6":"product_cat-all","7":"product_cat-countryside","8":"product_cat-flower","9":"product_cat-italy","10":"product_cat-landscape","11":"product_cat-nature","12":"product_cat-travel","14":"first","15":"instock","16":"sale","17":"shipping-taxable","18":"purchasable","19":"product-type-variable","20":"has-default-attributes"},"test_pod":null,"rank_math_seo_score":"47","rank_math_focus_keyword":"Tuscany Sunflower Fields","_links":{"self":[{"href":"https:\/\/diamondswizard.com\/pl\/wp-json\/wp\/v2\/product\/29381","targetHints":{"allow":["GET"]}}],"collection":[{"href":"https:\/\/diamondswizard.com\/pl\/wp-json\/wp\/v2\/product"}],"about":[{"href":"https:\/\/diamondswizard.com\/pl\/wp-json\/wp\/v2\/types\/product"}],"replies":[{"embeddable":true,"href":"https:\/\/diamondswizard.com\/pl\/wp-json\/wp\/v2\/comments?post=29381"}],"wp:featuredmedia":[{"embeddable":true,"href":"https:\/\/diamondswizard.com\/pl\/wp-json\/wp\/v2\/media\/29393"}],"wp:attachment":[{"href":"https:\/\/diamondswizard.com\/pl\/wp-json\/wp\/v2\/media?parent=29381"}],"wp:term":[{"taxonomy":"product_brand","embeddable":true,"href":"https:\/\/diamondswizard.com\/pl\/wp-json\/wp\/v2\/product_brand?post=29381"},{"taxonomy":"product_cat","embeddable":true,"href":"https:\/\/diamondswizard.com\/pl\/wp-json\/wp\/v2\/product_cat?post=29381"},{"taxonomy":"product_tag","embeddable":true,"href":"https:\/\/diamondswizard.com\/pl\/wp-json\/wp\/v2\/product_tag?post=29381"}],"curies":[{"name":"wp","href":"https:\/\/api.w.org\/{rel}","templated":true}]}}