{"id":28257,"date":"2024-05-07T00:00:00","date_gmt":"2024-05-07T00:00:00","guid":{"rendered":"https:\/\/diamondswizard.com\/?post_type=product&#038;p=28257"},"modified":"2024-04-10T07:05:11","modified_gmt":"2024-04-10T07:05:11","slug":"diamond-painting-milan-duomo-magnificence","status":"publish","type":"product","link":"https:\/\/diamondswizard.com\/pl\/products\/diamond-painting-milan-duomo-magnificence\/","title":{"rendered":"Wspania\u0142o\u015b\u0107 katedry w Mediolanie Diamond Painting"},"content":{"rendered":"","protected":false},"excerpt":{"rendered":"","protected":false},"featured_media":28269,"comment_status":"open","ping_status":"closed","template":"","meta":[],"product_brand":[],"product_cat":[15,229,227],"product_tag":[],"class_list":{"0":"post-28257","1":"product","2":"type-product","3":"status-publish","4":"has-post-thumbnail","6":"product_cat-all","7":"product_cat-italy","8":"product_cat-travel","10":"first","11":"instock","12":"sale","13":"shipping-taxable","14":"purchasable","15":"product-type-variable","16":"has-default-attributes"},"test_pod":null,"rank_math_seo_score":null,"rank_math_focus_keyword":"Milan Duomo Magnificence","_links":{"self":[{"href":"https:\/\/diamondswizard.com\/pl\/wp-json\/wp\/v2\/product\/28257","targetHints":{"allow":["GET"]}}],"collection":[{"href":"https:\/\/diamondswizard.com\/pl\/wp-json\/wp\/v2\/product"}],"about":[{"href":"https:\/\/diamondswizard.com\/pl\/wp-json\/wp\/v2\/types\/product"}],"replies":[{"embeddable":true,"href":"https:\/\/diamondswizard.com\/pl\/wp-json\/wp\/v2\/comments?post=28257"}],"wp:featuredmedia":[{"embeddable":true,"href":"https:\/\/diamondswizard.com\/pl\/wp-json\/wp\/v2\/media\/28269"}],"wp:attachment":[{"href":"https:\/\/diamondswizard.com\/pl\/wp-json\/wp\/v2\/media?parent=28257"}],"wp:term":[{"taxonomy":"product_brand","embeddable":true,"href":"https:\/\/diamondswizard.com\/pl\/wp-json\/wp\/v2\/product_brand?post=28257"},{"taxonomy":"product_cat","embeddable":true,"href":"https:\/\/diamondswizard.com\/pl\/wp-json\/wp\/v2\/product_cat?post=28257"},{"taxonomy":"product_tag","embeddable":true,"href":"https:\/\/diamondswizard.com\/pl\/wp-json\/wp\/v2\/product_tag?post=28257"}],"curies":[{"name":"wp","href":"https:\/\/api.w.org\/{rel}","templated":true}]}}