{"id":24827,"date":"2024-03-10T00:00:00","date_gmt":"2024-03-10T00:00:00","guid":{"rendered":"https:\/\/diamondswizard.com\/?post_type=product&#038;p=24827"},"modified":"2024-03-06T10:40:18","modified_gmt":"2024-03-06T10:40:18","slug":"diamond-painting-spring-equinox-celebration","status":"publish","type":"product","link":"https:\/\/diamondswizard.com\/pl\/products\/diamond-painting-spring-equinox-celebration\/","title":{"rendered":"\u015awi\u0119to r\u00f3wnonocy wiosennej Diamond Painting"},"content":{"rendered":"","protected":false},"excerpt":{"rendered":"","protected":false},"featured_media":24839,"comment_status":"open","ping_status":"closed","template":"","meta":[],"product_brand":[],"product_cat":[15,71,66,68,69],"product_tag":[],"class_list":{"0":"post-24827","1":"product","2":"type-product","3":"status-publish","4":"has-post-thumbnail","6":"product_cat-all","7":"product_cat-flower","8":"product_cat-home","9":"product_cat-kitchen","10":"product_cat-nature","12":"first","13":"instock","14":"sale","15":"shipping-taxable","16":"purchasable","17":"product-type-variable","18":"has-default-attributes"},"test_pod":null,"rank_math_seo_score":"47","rank_math_focus_keyword":"Spring Equinox Celebration","_links":{"self":[{"href":"https:\/\/diamondswizard.com\/pl\/wp-json\/wp\/v2\/product\/24827","targetHints":{"allow":["GET"]}}],"collection":[{"href":"https:\/\/diamondswizard.com\/pl\/wp-json\/wp\/v2\/product"}],"about":[{"href":"https:\/\/diamondswizard.com\/pl\/wp-json\/wp\/v2\/types\/product"}],"replies":[{"embeddable":true,"href":"https:\/\/diamondswizard.com\/pl\/wp-json\/wp\/v2\/comments?post=24827"}],"wp:featuredmedia":[{"embeddable":true,"href":"https:\/\/diamondswizard.com\/pl\/wp-json\/wp\/v2\/media\/24839"}],"wp:attachment":[{"href":"https:\/\/diamondswizard.com\/pl\/wp-json\/wp\/v2\/media?parent=24827"}],"wp:term":[{"taxonomy":"product_brand","embeddable":true,"href":"https:\/\/diamondswizard.com\/pl\/wp-json\/wp\/v2\/product_brand?post=24827"},{"taxonomy":"product_cat","embeddable":true,"href":"https:\/\/diamondswizard.com\/pl\/wp-json\/wp\/v2\/product_cat?post=24827"},{"taxonomy":"product_tag","embeddable":true,"href":"https:\/\/diamondswizard.com\/pl\/wp-json\/wp\/v2\/product_tag?post=24827"}],"curies":[{"name":"wp","href":"https:\/\/api.w.org\/{rel}","templated":true}]}}