{"id":523,"date":"2022-10-27T12:00:32","date_gmt":"2022-10-27T12:00:32","guid":{"rendered":"https:\/\/diamondswizard.com\/?page_id=523"},"modified":"2024-05-02T04:06:41","modified_gmt":"2024-05-02T04:06:41","slug":"return-policy","status":"publish","type":"page","link":"https:\/\/diamondswizard.com\/pl\/polityka-zwrotow\/","title":{"rendered":"Polityka zwrot\u00f3w"},"content":{"rendered":"<p><strong>Ostatnia aktualizacja 27 pa\u017adziernika 2022 r<\/strong><\/p>\n<p>&nbsp;<\/p>\n<p>Dzi\u0119kujemy za zakupy. Mamy nadziej\u0119, \u017ce jeste\u015b zadowolony z zakupu. Je\u015bli jednak z jakiegokolwiek powodu nie jeste\u015b w pe\u0142ni zadowolony ze swojego zakupu, mo\u017cesz go nam zwr\u00f3ci\u0107 w celu uzyskania pe\u0142nego zwrotu pieni\u0119dzy, kredytu sklepowego lub wymiany. Wi\u0119cej informacji na temat naszej polityki zwrot\u00f3w znajduje si\u0119 poni\u017cej.<\/p>\n<p>&nbsp;<\/p>\n<h2>ZWROTY<\/h2>\n<p>Wszystkie zwroty musz\u0105 by\u0107 stemplem pocztowym w ci\u0105gu <strong>czterna\u015bcie (14) dni<\/strong> od daty zakupu. Wszystkie zwracane produkty musz\u0105 by\u0107 nowe i nieu\u017cywane, z do\u0142\u0105czonymi wszystkimi oryginalnymi metkami i etykietami.<\/p>\n<p>&nbsp;<\/p>\n<h2>PROCES ZWROTU<\/h2>\n<p>Aby zwr\u00f3ci\u0107 przedmiot, wy\u015blij wiadomo\u015b\u0107 e-mail do dzia\u0142u obs\u0142ugi klienta na adres contact@diamondswizard.com w celu uzyskania numeru autoryzacji zwrotu towaru (RMA). Po otrzymaniu numeru RMA, bezpiecznie umie\u015b\u0107 przedmiot w oryginalnym opakowaniu i do\u0142\u0105cz dow\u00f3d zakupu, a nast\u0119pnie ode\u015blij zwrot na adres podany w wiadomo\u015bci e-mail.<\/p>\n<p>Nale\u017cy pami\u0119ta\u0107, \u017ce b\u0119dziesz odpowiedzialny za wszystkie koszty wysy\u0142ki zwrotnej. Zdecydowanie zalecamy skorzystanie z metody umo\u017cliwiaj\u0105cej \u015bledzenie przesy\u0142ki zwrotnej.<\/p>\n<p>&nbsp;<\/p>\n<h2>ZWROTY<\/h2>\n<p>Po otrzymaniu Twojego zwrotu i sprawdzeniu stanu przedmiotu zajmiemy si\u0119 Twoim zwrotem lub wymian\u0105. Odczekaj co najmniej czterna\u015bcie (14) dni od otrzymania przedmiotu na przetworzenie zwrotu lub wymiany. Zwroty mog\u0105 pojawi\u0107 si\u0119 na wyci\u0105gu z karty kredytowej po 1-2 cyklach rozliczeniowych, w zale\u017cno\u015bci od firmy obs\u0142uguj\u0105cej kart\u0119 kredytow\u0105. Powiadomimy Ci\u0119 e-mailem, gdy Tw\u00f3j zwrot zostanie przetworzony.<\/p>\n<p>&nbsp;<\/p>\n<h2>WYJ\u0104TKI<\/h2>\n<p>Nast\u0119puj\u0105ce elementy nie podlegaj\u0105 zwrotowi ani wymianie:<\/p>\n<p>\u25cf elementy niestandardowe<\/p>\n<p>W przypadku wadliwych lub uszkodzonych produkt\u00f3w prosimy o kontakt pod poni\u017cszymi danymi kontaktowymi w celu ustalenia zwrotu lub wymiany.<\/p>\n<p>&nbsp;<\/p>\n<h2>PYTANIA<\/h2>\n<p>Je\u015bli masz jakiekolwiek pytania dotycz\u0105ce naszej polityki zwrot\u00f3w, skontaktuj si\u0119 z nami pod adresem:<\/p>\n<p><a href=\"mailto:contact@diamondswizard.com\">contact@diamondswizard.com<\/a><\/p>","protected":false},"excerpt":{"rendered":"<p>Ostatnia aktualizacja 27 pa\u017adziernika 2022 r. Dzi\u0119kujemy za zakup. Mamy nadziej\u0119, \u017ce jeste\u015b zadowolony z zakupu. Je\u015bli jednak z jakiegokolwiek powodu nie b\u0119dziesz w pe\u0142ni usatysfakcjonowany zakupem, mo\u017cesz go nam zwr\u00f3ci\u0107 w celu otrzymania pe\u0142nego zwrotu pieni\u0119dzy, kredytu sklepowego lub wymiany. Poni\u017cej znajdziesz wi\u0119cej informacji na temat naszych [\u2026]<\/p>","protected":false},"author":1,"featured_media":0,"parent":0,"menu_order":0,"comment_status":"closed","ping_status":"closed","template":"","meta":{"footnotes":""},"class_list":["post-523","page","type-page","status-publish","hentry"],"test_pod":null,"rank_math_seo_score":"10","rank_math_focus_keyword":null,"_links":{"self":[{"href":"https:\/\/diamondswizard.com\/pl\/wp-json\/wp\/v2\/pages\/523","targetHints":{"allow":["GET"]}}],"collection":[{"href":"https:\/\/diamondswizard.com\/pl\/wp-json\/wp\/v2\/pages"}],"about":[{"href":"https:\/\/diamondswizard.com\/pl\/wp-json\/wp\/v2\/types\/page"}],"author":[{"embeddable":true,"href":"https:\/\/diamondswizard.com\/pl\/wp-json\/wp\/v2\/users\/1"}],"replies":[{"embeddable":true,"href":"https:\/\/diamondswizard.com\/pl\/wp-json\/wp\/v2\/comments?post=523"}],"version-history":[{"count":0,"href":"https:\/\/diamondswizard.com\/pl\/wp-json\/wp\/v2\/pages\/523\/revisions"}],"wp:attachment":[{"href":"https:\/\/diamondswizard.com\/pl\/wp-json\/wp\/v2\/media?parent=523"}],"curies":[{"name":"wp","href":"https:\/\/api.w.org\/{rel}","templated":true}]}}