{"id":507,"date":"2022-10-27T10:43:14","date_gmt":"2022-10-27T10:43:14","guid":{"rendered":"https:\/\/diamondswizard.com\/?page_id=507"},"modified":"2023-12-03T05:20:14","modified_gmt":"2023-12-03T05:20:14","slug":"shipping-returns","status":"publish","type":"page","link":"https:\/\/diamondswizard.com\/pl\/dostawa-i-zwroty\/","title":{"rendered":"Dostawa i zwroty"},"content":{"rendered":"<div data-elementor-type=\"wp-page\" data-elementor-id=\"507\" class=\"elementor elementor-507\" data-elementor-settings=\"{&quot;ha_cmc_init_switcher&quot;:&quot;no&quot;}\" data-elementor-post-type=\"page\">\n\t\t\t\t\t\t<section class=\"elementor-section elementor-top-section elementor-element elementor-element-03836d2 elementor-section-boxed elementor-section-height-default elementor-section-height-default\" data-id=\"03836d2\" data-element_type=\"section\">\n\t\t\t\t\t\t<div class=\"elementor-container elementor-column-gap-default\">\n\t\t\t\t\t<div class=\"elementor-column elementor-col-100 elementor-top-column elementor-element elementor-element-0009103\" data-id=\"0009103\" data-element_type=\"column\">\n\t\t\t<div class=\"elementor-widget-wrap elementor-element-populated\">\n\t\t\t\t\t\t<div class=\"elementor-element elementor-element-d8c4889 elementor-widget elementor-widget-heading\" data-id=\"d8c4889\" data-element_type=\"widget\" data-widget_type=\"heading.default\">\n\t\t\t\t<div class=\"elementor-widget-container\">\n\t\t\t\t\t<h3 class=\"elementor-heading-title elementor-size-default\">Wysy\u0142ka<\/h3>\t\t\t\t<\/div>\n\t\t\t\t<\/div>\n\t\t\t\t<div class=\"elementor-element elementor-element-e6f4067 elementor-widget elementor-widget-text-editor\" data-id=\"e6f4067\" data-element_type=\"widget\" data-widget_type=\"text-editor.default\">\n\t\t\t\t<div class=\"elementor-widget-container\">\n\t\t\t\t\t\t\t\t\t<p>Z przyjemno\u015bci\u0105 og\u0142aszamy, \u017ce wysy\u0142amy teraz na ca\u0142y \u015bwiat nasze s\u0142ynne zestawy do malowania diamentami.<\/p><p>Po z\u0142o\u017ceniu zam\u00f3wienia, z mi\u0142o\u015bci\u0105 je zapakujemy i wy\u015blemy w ci\u0105gu 48h.<\/p><p><span style=\"text-decoration: underline;\">Otrzymasz swoje zam\u00f3wienie w:<\/span><\/p>\t\t\t\t\t\t\t\t<\/div>\n\t\t\t\t<\/div>\n\t\t\t\t<div class=\"elementor-element elementor-element-67525ae elementor-widget elementor-widget-html\" data-id=\"67525ae\" data-element_type=\"widget\" data-widget_type=\"html.default\">\n\t\t\t\t<div class=\"elementor-widget-container\">\n\t\t\t\t\t<table>\n    <tr>\n        <th><\/th>\n        <th>USA<\/th>\n        <th>Australia<\/th>\n        <th>Europa<\/th>\n        <th>Reszta \u015bwiata<\/th>\n    <\/tr>\n    <tr>\n      <td><strong>Czas wysy\u0142ki :<\/strong><\/td>\n      <td>4-12 dni roboczych<\/td>\n      <td>4-12 dni roboczych<\/td>\n      <td>4-12 dni roboczych<\/td>\n      <td>4-12 dni roboczych<\/td>\n    <\/tr>\n    <tr>\n      <td><strong>Cena :<\/strong><\/td>\n      <td>$4.95<\/td>\n      <td>$4.95<\/td>\n      <td>$4.95<\/td>\n      <td>$4.95<\/td>\n    <\/tr>\n  <\/table>\t\t\t\t<\/div>\n\t\t\t\t<\/div>\n\t\t\t\t<div class=\"elementor-element elementor-element-118f70b elementor-widget elementor-widget-text-editor\" data-id=\"118f70b\" data-element_type=\"widget\" data-widget_type=\"text-editor.default\">\n\t\t\t\t<div class=\"elementor-widget-container\">\n\t\t\t\t\t\t\t\t\t<p>Standardowa op\u0142ata za wysy\u0142k\u0119 wynosi <strong>$4.95<\/strong> a wysy\u0142ka jest bezp\u0142atna w przypadku zam\u00f3wie\u0144 powy\u017cej $99.<\/p><p>\u00a0<\/p><p><span style=\"text-decoration: underline;\"><strong>Niestandardowe zestawy do malowania diamentami:<\/strong><\/span><br \/>Zam\u00f3wienie zawieraj\u0105ce niestandardowy zestaw do malowania diamentami zostanie dostarczone w ci\u0105gu 15-20 dni roboczych (obejmuje: edycj\u0119 zdj\u0119cia przez naszych projektant\u00f3w, wydruk zestawu do malowania diamentami na p\u0142\u00f3tnie premium, kontrol\u0119 jako\u015bci obrazu diamentowego i wysy\u0142k\u0119).<\/p>\t\t\t\t\t\t\t\t<\/div>\n\t\t\t\t<\/div>\n\t\t\t\t\t<\/div>\n\t\t<\/div>\n\t\t\t\t\t<\/div>\n\t\t<\/section>\n\t\t\t\t<section class=\"elementor-section elementor-top-section elementor-element elementor-element-d26aea3 elementor-section-boxed elementor-section-height-default elementor-section-height-default\" data-id=\"d26aea3\" data-element_type=\"section\">\n\t\t\t\t\t\t<div class=\"elementor-container elementor-column-gap-default\">\n\t\t\t\t\t<div class=\"elementor-column elementor-col-100 elementor-top-column elementor-element elementor-element-264ce85\" data-id=\"264ce85\" data-element_type=\"column\">\n\t\t\t<div class=\"elementor-widget-wrap elementor-element-populated\">\n\t\t\t\t\t\t<div class=\"elementor-element elementor-element-63e1c12 elementor-widget elementor-widget-heading\" data-id=\"63e1c12\" data-element_type=\"widget\" data-widget_type=\"heading.default\">\n\t\t\t\t<div class=\"elementor-widget-container\">\n\t\t\t\t\t<h3 class=\"elementor-heading-title elementor-size-default\">Jak \u015bledzi\u0107 swoje zam\u00f3wienie<\/h3>\t\t\t\t<\/div>\n\t\t\t\t<\/div>\n\t\t\t\t<div class=\"elementor-element elementor-element-59b81e3 elementor-widget elementor-widget-text-editor\" data-id=\"59b81e3\" data-element_type=\"widget\" data-widget_type=\"text-editor.default\">\n\t\t\t\t<div class=\"elementor-widget-container\">\n\t\t\t\t\t\t\t\t\t<p>Po wys\u0142aniu zam\u00f3wienia prze\u015blemy Ci plik\u00a0<strong>\u0142\u0105cze \u015bledz\u0105ce<\/strong>\u00a0za po\u015brednictwem adresu e-mail podanego podczas sk\u0142adania zam\u00f3wienia.<\/p><p>Mo\u017cesz tak\u017ce \u015bledzi\u0107 swoje zam\u00f3wienie, przechodz\u0105c do naszej\u00a0<a href=\"\/pl\/track\/\"><strong>strona \u015bledzenia zam\u00f3wie\u0144<\/strong><\/a>\u00a0(b\u0119dziesz potrzebowa\u0107 numeru zam\u00f3wienia i adresu e-mail rozliczeniowego)<\/p>\t\t\t\t\t\t\t\t<\/div>\n\t\t\t\t<\/div>\n\t\t\t\t\t<\/div>\n\t\t<\/div>\n\t\t\t\t\t<\/div>\n\t\t<\/section>\n\t\t\t\t<section class=\"elementor-section elementor-top-section elementor-element elementor-element-719d05a elementor-section-boxed elementor-section-height-default elementor-section-height-default\" data-id=\"719d05a\" data-element_type=\"section\">\n\t\t\t\t\t\t<div class=\"elementor-container elementor-column-gap-default\">\n\t\t\t\t\t<div class=\"elementor-column elementor-col-100 elementor-top-column elementor-element elementor-element-5efd971\" data-id=\"5efd971\" data-element_type=\"column\">\n\t\t\t<div class=\"elementor-widget-wrap elementor-element-populated\">\n\t\t\t\t\t\t<div class=\"elementor-element elementor-element-5feb38e elementor-widget elementor-widget-heading\" data-id=\"5feb38e\" data-element_type=\"widget\" data-widget_type=\"heading.default\">\n\t\t\t\t<div class=\"elementor-widget-container\">\n\t\t\t\t\t<h3 class=\"elementor-heading-title elementor-size-default\">Zwroty<\/h3>\t\t\t\t<\/div>\n\t\t\t\t<\/div>\n\t\t\t\t<div class=\"elementor-element elementor-element-6691d4c elementor-widget elementor-widget-text-editor\" data-id=\"6691d4c\" data-element_type=\"widget\" data-widget_type=\"text-editor.default\">\n\t\t\t\t<div class=\"elementor-widget-container\">\n\t\t\t\t\t\t\t\t\t<p>Je\u015bli nie jeste\u015b zadowolony z zakupu, mo\u017cesz zwr\u00f3ci\u0107 zam\u00f3wienie w ci\u0105gu 30 dni, aby otrzyma\u0107 pe\u0142ny zwrot pieni\u0119dzy.<\/p><p>Uprzejmie\u00a0<a href=\"\/pl\/kontakt\/\"><strong>skontaktuj si\u0119 z naszym zespo\u0142em ds. zadowolenia klient\u00f3w<\/strong><\/a>\u00a0aby poprowadzi\u0107 Ci\u0119 przez proces zwrotu<\/p><p>Wi\u0119cej szczeg\u00f3\u0142\u00f3w znajdziesz w naszym\u00a0<a href=\"\/pl\/returns\/\"><strong>polityka zwrot\u00f3w<\/strong><\/a>.<\/p>\t\t\t\t\t\t\t\t<\/div>\n\t\t\t\t<\/div>\n\t\t\t\t\t<\/div>\n\t\t<\/div>\n\t\t\t\t\t<\/div>\n\t\t<\/section>\n\t\t\t\t<\/div>","protected":false},"excerpt":{"rendered":"<p>Wysy\u0142ka Z przyjemno\u015bci\u0105 og\u0142aszamy, \u017ce wysy\u0142amy teraz na ca\u0142y \u015bwiat nasze s\u0142ynne zestawy do malowania diamentami. Po z\u0142o\u017ceniu zam\u00f3wienia, z mi\u0142o\u015bci\u0105 je zapakujemy i wy\u015blemy w ci\u0105gu 48h. Otrzymasz swoje zam\u00f3wienie w: USA Australia Europa Reszta \u015bwiata Czas wysy\u0142ki: 4-12 dni roboczych 4-12 dni roboczych 4-12 dni roboczych 4-12 [\u2026]<\/p>","protected":false},"author":1,"featured_media":0,"parent":0,"menu_order":0,"comment_status":"closed","ping_status":"closed","template":"template-fullwidth-no-heading.php","meta":{"footnotes":""},"class_list":["post-507","page","type-page","status-publish","hentry"],"test_pod":null,"rank_math_seo_score":"15","rank_math_focus_keyword":null,"_links":{"self":[{"href":"https:\/\/diamondswizard.com\/pl\/wp-json\/wp\/v2\/pages\/507","targetHints":{"allow":["GET"]}}],"collection":[{"href":"https:\/\/diamondswizard.com\/pl\/wp-json\/wp\/v2\/pages"}],"about":[{"href":"https:\/\/diamondswizard.com\/pl\/wp-json\/wp\/v2\/types\/page"}],"author":[{"embeddable":true,"href":"https:\/\/diamondswizard.com\/pl\/wp-json\/wp\/v2\/users\/1"}],"replies":[{"embeddable":true,"href":"https:\/\/diamondswizard.com\/pl\/wp-json\/wp\/v2\/comments?post=507"}],"version-history":[{"count":0,"href":"https:\/\/diamondswizard.com\/pl\/wp-json\/wp\/v2\/pages\/507\/revisions"}],"wp:attachment":[{"href":"https:\/\/diamondswizard.com\/pl\/wp-json\/wp\/v2\/media?parent=507"}],"curies":[{"name":"wp","href":"https:\/\/api.w.org\/{rel}","templated":true}]}}