{"id":523,"date":"2022-10-27T12:00:32","date_gmt":"2022-10-27T12:00:32","guid":{"rendered":"https:\/\/diamondswizard.com\/?page_id=523"},"modified":"2024-05-02T04:06:41","modified_gmt":"2024-05-02T04:06:41","slug":"return-policy","status":"publish","type":"page","link":"https:\/\/diamondswizard.com\/nb\/returrett\/","title":{"rendered":"Returpolicy"},"content":{"rendered":"<p><strong>Sist oppdatert 27. oktober 2022<\/strong><\/p>\n<p>&nbsp;<\/p>\n<p>Takk for kj\u00f8pet. Vi h\u00e5per du er forn\u00f8yd med kj\u00f8pet. Men hvis du av en eller annen grunn ikke er helt forn\u00f8yd med kj\u00f8pet ditt, kan du returnere det til oss for full refusjon, butikkkreditt eller bytte. Se nedenfor for mer informasjon om v\u00e5r returpolicy.<\/p>\n<p>&nbsp;<\/p>\n<h2>RETURER<\/h2>\n<p>Alle returer m\u00e5 v\u00e6re poststemplet innen <strong>fjorten (14) dager<\/strong> av kj\u00f8psdatoen. Alle returnerte varer m\u00e5 v\u00e6re i ny og ubrukt stand, med alle originale merkelapper og etiketter festet.<\/p>\n<p>&nbsp;<\/p>\n<h2>RETURPROSESS<\/h2>\n<p>For \u00e5 returnere en vare, vennligst send en e-post til kundeservice p\u00e5 contact@diamondswizard.com for \u00e5 f\u00e5 et RMA-nummer (Return Merchandise Authorization). Etter \u00e5 ha mottatt et RMA-nummer, plasser varen trygt i originalemballasjen og inkluder kj\u00f8psbeviset, og send deretter returen til adressen som er gitt via e-post.<\/p>\n<p>V\u00e6r oppmerksom p\u00e5 at du er ansvarlig for alle returfraktkostnader. Vi anbefaler p\u00e5 det sterkeste at du bruker en sporbar metode for \u00e5 sende returen.<\/p>\n<p>&nbsp;<\/p>\n<h2>REFUSJON<\/h2>\n<p>Etter \u00e5 ha mottatt returen og inspisert tilstanden til varen din, vil vi behandle returen eller byttet. Vennligst la det g\u00e5 minst fjorten (14) dager fra mottak av varen for \u00e5 behandle returen eller byttet. Det kan ta 1-2 faktureringssykluser f\u00f8r refusjoner vises p\u00e5 kredittkortutskriften din, avhengig av kredittkortselskapet ditt. Vi vil varsle deg p\u00e5 e-post n\u00e5r returen er behandlet.<\/p>\n<p>&nbsp;<\/p>\n<h2>UNNTAK<\/h2>\n<p>F\u00f8lgende varer kan ikke returneres eller byttes:<\/p>\n<p>\u25cf egendefinerte elementer<\/p>\n<p>For defekte eller skadede produkter, vennligst kontakt oss p\u00e5 kontaktdetaljene nedenfor for \u00e5 avtale refusjon eller bytte.<\/p>\n<p>&nbsp;<\/p>\n<h2>SP\u00d8RSM\u00c5L<\/h2>\n<p>Hvis du har sp\u00f8rsm\u00e5l ang\u00e5ende v\u00e5r returpolicy, vennligst kontakt oss p\u00e5:<\/p>\n<p><a href=\"mailto:contact@diamondswizard.com\">contact@diamondswizard.com<\/a><\/p>","protected":false},"excerpt":{"rendered":"<p>Sist oppdatert 27. oktober 2022 Takk for kj\u00f8pet. Vi h\u00e5per du er forn\u00f8yd med kj\u00f8pet. Men hvis du av en eller annen grunn ikke er helt forn\u00f8yd med kj\u00f8pet ditt, kan du returnere det til oss for full refusjon, butikkkreditt eller bytte. Se nedenfor for mer informasjon om v\u00e5r [\u2026]<\/p>","protected":false},"author":1,"featured_media":0,"parent":0,"menu_order":0,"comment_status":"closed","ping_status":"closed","template":"","meta":{"footnotes":""},"class_list":["post-523","page","type-page","status-publish","hentry"],"test_pod":null,"rank_math_seo_score":"10","rank_math_focus_keyword":null,"_links":{"self":[{"href":"https:\/\/diamondswizard.com\/nb\/wp-json\/wp\/v2\/pages\/523","targetHints":{"allow":["GET"]}}],"collection":[{"href":"https:\/\/diamondswizard.com\/nb\/wp-json\/wp\/v2\/pages"}],"about":[{"href":"https:\/\/diamondswizard.com\/nb\/wp-json\/wp\/v2\/types\/page"}],"author":[{"embeddable":true,"href":"https:\/\/diamondswizard.com\/nb\/wp-json\/wp\/v2\/users\/1"}],"replies":[{"embeddable":true,"href":"https:\/\/diamondswizard.com\/nb\/wp-json\/wp\/v2\/comments?post=523"}],"version-history":[{"count":0,"href":"https:\/\/diamondswizard.com\/nb\/wp-json\/wp\/v2\/pages\/523\/revisions"}],"wp:attachment":[{"href":"https:\/\/diamondswizard.com\/nb\/wp-json\/wp\/v2\/media?parent=523"}],"curies":[{"name":"wp","href":"https:\/\/api.w.org\/{rel}","templated":true}]}}