{"id":507,"date":"2022-10-27T10:43:14","date_gmt":"2022-10-27T10:43:14","guid":{"rendered":"https:\/\/diamondswizard.com\/?page_id=507"},"modified":"2023-12-03T05:20:14","modified_gmt":"2023-12-03T05:20:14","slug":"shipping-returns","status":"publish","type":"page","link":"https:\/\/diamondswizard.com\/nb\/shipping-returns\/","title":{"rendered":"Frakt og retur"},"content":{"rendered":"<div data-elementor-type=\"wp-page\" data-elementor-id=\"507\" class=\"elementor elementor-507\" data-elementor-settings=\"{&quot;ha_cmc_init_switcher&quot;:&quot;no&quot;}\" data-elementor-post-type=\"page\">\n\t\t\t\t\t\t<section class=\"elementor-section elementor-top-section elementor-element elementor-element-03836d2 elementor-section-boxed elementor-section-height-default elementor-section-height-default\" data-id=\"03836d2\" data-element_type=\"section\">\n\t\t\t\t\t\t<div class=\"elementor-container elementor-column-gap-default\">\n\t\t\t\t\t<div class=\"elementor-column elementor-col-100 elementor-top-column elementor-element elementor-element-0009103\" data-id=\"0009103\" data-element_type=\"column\">\n\t\t\t<div class=\"elementor-widget-wrap elementor-element-populated\">\n\t\t\t\t\t\t<div class=\"elementor-element elementor-element-d8c4889 elementor-widget elementor-widget-heading\" data-id=\"d8c4889\" data-element_type=\"widget\" data-widget_type=\"heading.default\">\n\t\t\t\t<div class=\"elementor-widget-container\">\n\t\t\t\t\t<h3 class=\"elementor-heading-title elementor-size-default\">Shipping<\/h3>\t\t\t\t<\/div>\n\t\t\t\t<\/div>\n\t\t\t\t<div class=\"elementor-element elementor-element-e6f4067 elementor-widget elementor-widget-text-editor\" data-id=\"e6f4067\" data-element_type=\"widget\" data-widget_type=\"text-editor.default\">\n\t\t\t\t<div class=\"elementor-widget-container\">\n\t\t\t\t\t\t\t\t\t<p>Vi er glade for \u00e5 kunngj\u00f8re at vi n\u00e5 sender v\u00e5re ber\u00f8mte diamantmalingssett over hele verden.<\/p><p>Etter \u00e5 ha lagt inn bestillingen din, pakker vi bestillingen med kj\u00e6rlighet og sender den innen 48 timer.<\/p><p><span style=\"text-decoration: underline;\">Du vil motta bestillingen din i:<\/span><\/p>\t\t\t\t\t\t\t\t<\/div>\n\t\t\t\t<\/div>\n\t\t\t\t<div class=\"elementor-element elementor-element-67525ae elementor-widget elementor-widget-html\" data-id=\"67525ae\" data-element_type=\"widget\" data-widget_type=\"html.default\">\n\t\t\t\t<div class=\"elementor-widget-container\">\n\t\t\t\t\t<table>\n    <tr>\n        <th><\/th>\n        <th>USA<\/th>\n        <th>Australia<\/th>\n        <th>Europa<\/th>\n        <th>Resten av verden<\/th>\n    <\/tr>\n    <tr>\n      <td><strong>Leveringstid :<\/strong><\/td>\n      <td>4-12 virkedager<\/td>\n      <td>4-12 virkedager<\/td>\n      <td>4-12 virkedager<\/td>\n      <td>4-12 virkedager<\/td>\n    <\/tr>\n    <tr>\n      <td><strong>Pris:<\/strong><\/td>\n      <td>$4.95<\/td>\n      <td>$4.95<\/td>\n      <td>$4.95<\/td>\n      <td>$4.95<\/td>\n    <\/tr>\n  <\/table>\t\t\t\t<\/div>\n\t\t\t\t<\/div>\n\t\t\t\t<div class=\"elementor-element elementor-element-118f70b elementor-widget elementor-widget-text-editor\" data-id=\"118f70b\" data-element_type=\"widget\" data-widget_type=\"text-editor.default\">\n\t\t\t\t<div class=\"elementor-widget-container\">\n\t\t\t\t\t\t\t\t\t<p>Standard fraktgebyr er <strong>$4.95<\/strong> og frakt er gratis for bestilling over $99.<\/p><p>\u00a0<\/p><p><span style=\"text-decoration: underline;\"><strong>Tilpassede diamantmalingssett:<\/strong><\/span><br \/>Bestilling som inneholder et tilpasset diamantmalesett vil bli levert innen 15-20 virkedager (inkluderer: bilderedigering av bildet ditt av v\u00e5re designere, utskrift av diamantmalesettet p\u00e5 f\u00f8rsteklasses lerret, kvalitetssjekk av diamantmaleriet og frakt).<\/p>\t\t\t\t\t\t\t\t<\/div>\n\t\t\t\t<\/div>\n\t\t\t\t\t<\/div>\n\t\t<\/div>\n\t\t\t\t\t<\/div>\n\t\t<\/section>\n\t\t\t\t<section class=\"elementor-section elementor-top-section elementor-element elementor-element-d26aea3 elementor-section-boxed elementor-section-height-default elementor-section-height-default\" data-id=\"d26aea3\" data-element_type=\"section\">\n\t\t\t\t\t\t<div class=\"elementor-container elementor-column-gap-default\">\n\t\t\t\t\t<div class=\"elementor-column elementor-col-100 elementor-top-column elementor-element elementor-element-264ce85\" data-id=\"264ce85\" data-element_type=\"column\">\n\t\t\t<div class=\"elementor-widget-wrap elementor-element-populated\">\n\t\t\t\t\t\t<div class=\"elementor-element elementor-element-63e1c12 elementor-widget elementor-widget-heading\" data-id=\"63e1c12\" data-element_type=\"widget\" data-widget_type=\"heading.default\">\n\t\t\t\t<div class=\"elementor-widget-container\">\n\t\t\t\t\t<h3 class=\"elementor-heading-title elementor-size-default\">Slik sporer du bestillingen din<\/h3>\t\t\t\t<\/div>\n\t\t\t\t<\/div>\n\t\t\t\t<div class=\"elementor-element elementor-element-59b81e3 elementor-widget elementor-widget-text-editor\" data-id=\"59b81e3\" data-element_type=\"widget\" data-widget_type=\"text-editor.default\">\n\t\t\t\t<div class=\"elementor-widget-container\">\n\t\t\t\t\t\t\t\t\t<p>N\u00e5r bestillingen din er sendt ut, sender vi deg en\u00a0<strong>sporingslenke<\/strong>\u00a0via e-posten du oppga da du la inn bestillingen.<\/p><p>Du kan ogs\u00e5 spore bestillingen din ved \u00e5 g\u00e5 til v\u00e5r\u00a0<a href=\"\/nb\/track\/\"><strong>ordresporingsside<\/strong><\/a>\u00a0(du trenger bestillingsnummeret og fakturerings-e-posten)<\/p>\t\t\t\t\t\t\t\t<\/div>\n\t\t\t\t<\/div>\n\t\t\t\t\t<\/div>\n\t\t<\/div>\n\t\t\t\t\t<\/div>\n\t\t<\/section>\n\t\t\t\t<section class=\"elementor-section elementor-top-section elementor-element elementor-element-719d05a elementor-section-boxed elementor-section-height-default elementor-section-height-default\" data-id=\"719d05a\" data-element_type=\"section\">\n\t\t\t\t\t\t<div class=\"elementor-container elementor-column-gap-default\">\n\t\t\t\t\t<div class=\"elementor-column elementor-col-100 elementor-top-column elementor-element elementor-element-5efd971\" data-id=\"5efd971\" data-element_type=\"column\">\n\t\t\t<div class=\"elementor-widget-wrap elementor-element-populated\">\n\t\t\t\t\t\t<div class=\"elementor-element elementor-element-5feb38e elementor-widget elementor-widget-heading\" data-id=\"5feb38e\" data-element_type=\"widget\" data-widget_type=\"heading.default\">\n\t\t\t\t<div class=\"elementor-widget-container\">\n\t\t\t\t\t<h3 class=\"elementor-heading-title elementor-size-default\">Returnerer<\/h3>\t\t\t\t<\/div>\n\t\t\t\t<\/div>\n\t\t\t\t<div class=\"elementor-element elementor-element-6691d4c elementor-widget elementor-widget-text-editor\" data-id=\"6691d4c\" data-element_type=\"widget\" data-widget_type=\"text-editor.default\">\n\t\t\t\t<div class=\"elementor-widget-container\">\n\t\t\t\t\t\t\t\t\t<p>Hvis du er misforn\u00f8yd med kj\u00f8pet, st\u00e5r du fritt til \u00e5 returnere bestillingen innen 30 dager for \u00e5 f\u00e5 full refusjon.<\/p><p>Vennligst\u00a0<a href=\"\/nb\/kontakt\/\"><strong>kontakt v\u00e5rt kundegledeteam<\/strong><\/a>\u00a0for \u00e5 veilede deg med returprosessen<\/p><p>For ytterligere detaljer, vennligst sjekk v\u00e5r\u00a0<a href=\"\/nb\/returns\/\"><strong>returrett<\/strong><\/a>.<\/p>\t\t\t\t\t\t\t\t<\/div>\n\t\t\t\t<\/div>\n\t\t\t\t\t<\/div>\n\t\t<\/div>\n\t\t\t\t\t<\/div>\n\t\t<\/section>\n\t\t\t\t<\/div>","protected":false},"excerpt":{"rendered":"<p>Frakt Vi er glade for \u00e5 kunngj\u00f8re at vi n\u00e5 sender v\u00e5re ber\u00f8mte diamantmalingssett over hele verden. Etter \u00e5 ha lagt inn bestillingen din, pakker vi bestillingen med kj\u00e6rlighet og sender den innen 48 timer. Du vil motta bestillingen din i: USA Australia Europa Resten av verden Leveringstid: 4-12 virkedager 4-12 virkedager 4-12 virkedager 4-12 [\u2026]<\/p>","protected":false},"author":1,"featured_media":0,"parent":0,"menu_order":0,"comment_status":"closed","ping_status":"closed","template":"template-fullwidth-no-heading.php","meta":{"footnotes":""},"class_list":["post-507","page","type-page","status-publish","hentry"],"test_pod":null,"rank_math_seo_score":"15","rank_math_focus_keyword":null,"_links":{"self":[{"href":"https:\/\/diamondswizard.com\/nb\/wp-json\/wp\/v2\/pages\/507","targetHints":{"allow":["GET"]}}],"collection":[{"href":"https:\/\/diamondswizard.com\/nb\/wp-json\/wp\/v2\/pages"}],"about":[{"href":"https:\/\/diamondswizard.com\/nb\/wp-json\/wp\/v2\/types\/page"}],"author":[{"embeddable":true,"href":"https:\/\/diamondswizard.com\/nb\/wp-json\/wp\/v2\/users\/1"}],"replies":[{"embeddable":true,"href":"https:\/\/diamondswizard.com\/nb\/wp-json\/wp\/v2\/comments?post=507"}],"version-history":[{"count":0,"href":"https:\/\/diamondswizard.com\/nb\/wp-json\/wp\/v2\/pages\/507\/revisions"}],"wp:attachment":[{"href":"https:\/\/diamondswizard.com\/nb\/wp-json\/wp\/v2\/media?parent=507"}],"curies":[{"name":"wp","href":"https:\/\/api.w.org\/{rel}","templated":true}]}}