{"id":594,"date":"2022-10-28T09:38:08","date_gmt":"2022-10-28T09:38:08","guid":{"rendered":"https:\/\/diamondswizard.com\/?post_type=product&#038;p=594"},"modified":"2023-11-05T04:00:07","modified_gmt":"2023-11-05T04:00:07","slug":"dual-sided-diamond-painting-pen","status":"publish","type":"product","link":"https:\/\/diamondswizard.com\/it\/products\/penna-per-pittura-diamante-a-doppia-faccia\/","title":{"rendered":"Penna per pittura diamante a doppia faccia"},"content":{"rendered":"<h2 style=\"text-align: center;\">Niente pi\u00f9 crampi alle mani mentre si fa la pittura con diamanti<\/h2>\n<div style=\"text-align: center;\"><video class=\"Feature-video video-lazy\" style=\"max-width: 100%;\" autoplay=\"autoplay\" loop=\"loop\" muted=\"\" width=\"400px\" height=\"auto\"><source src=\"\/wp-content\/uploads\/2022\/10\/diamonds-wizard-custom-diamond-painting-kits-dual-sided-pen-5.webm\" type=\"video\/webm\" \/><source src=\"\/wp-content\/uploads\/2022\/10\/diamonds-wizard-custom-diamond-painting-kits-dual-sided-pen-5.mp4\" type=\"video\/mp4\" \/><\/video><\/div>\n<p style=\"text-align: center;\">Dipingi diamanti per ore con questa penna a doppia faccia.<br \/>\nLa sua ampia impugnatura \u00e8 progettata per garantire comfort durante lunghe sessioni di pittura con diamanti.<\/p>\n<h2 style=\"text-align: center;\">Scegli i diamanti pi\u00f9 velocemente della tua ombra<\/h2>\n<p style=\"text-align: center;\"><img fetchpriority=\"high\" decoding=\"async\" class=\"size-full wp-image-597 aligncenter\" src=\"http:\/\/diamondswizard.com\/wp-content\/uploads\/2022\/10\/diamonds-wizard-custom-diamond-painting-kits-dual-sided-pen-3.webp\" alt=\"\" width=\"1000\" height=\"1001\" title=\"\" srcset=\"https:\/\/diamondswizard.com\/wp-content\/uploads\/2022\/10\/diamonds-wizard-custom-diamond-painting-kits-dual-sided-pen-3.webp 1000w, https:\/\/diamondswizard.com\/wp-content\/uploads\/2022\/10\/diamonds-wizard-custom-diamond-painting-kits-dual-sided-pen-3-300x300.webp 300w, https:\/\/diamondswizard.com\/wp-content\/uploads\/2022\/10\/diamonds-wizard-custom-diamond-painting-kits-dual-sided-pen-3-150x150.webp 150w, https:\/\/diamondswizard.com\/wp-content\/uploads\/2022\/10\/diamonds-wizard-custom-diamond-painting-kits-dual-sided-pen-3-768x769.webp 768w, https:\/\/diamondswizard.com\/wp-content\/uploads\/2022\/10\/diamonds-wizard-custom-diamond-painting-kits-dual-sided-pen-3-990x991.webp 990w, https:\/\/diamondswizard.com\/wp-content\/uploads\/2022\/10\/diamonds-wizard-custom-diamond-painting-kits-dual-sided-pen-3-441x441.webp 441w, https:\/\/diamondswizard.com\/wp-content\/uploads\/2022\/10\/diamonds-wizard-custom-diamond-painting-kits-dual-sided-pen-3-100x100.webp 100w, https:\/\/diamondswizard.com\/wp-content\/uploads\/2022\/10\/diamonds-wizard-custom-diamond-painting-kits-dual-sided-pen-3-800x801.webp 800w\" sizes=\"(max-width: 1000px) 100vw, 1000px\" \/><\/p>\n<p style=\"text-align: center;\">La punta del cono in cera (sostituibile) rende pi\u00f9 facile e veloce la raccolta e il posizionamento dei diamanti.<br \/>\nFinisci i tuoi dipinti con diamanti due volte pi\u00f9 velocemente.<\/p>\n<h2 style=\"text-align: center;\">Precisione chirurgica<\/h2>\n<p><img decoding=\"async\" class=\"size-full wp-image-596 aligncenter\" src=\"http:\/\/diamondswizard.com\/wp-content\/uploads\/2022\/10\/diamonds-wizard-custom-diamond-painting-kits-dual-sided-pen-2.webp\" alt=\"\" width=\"1000\" height=\"1000\" title=\"\" srcset=\"https:\/\/diamondswizard.com\/wp-content\/uploads\/2022\/10\/diamonds-wizard-custom-diamond-painting-kits-dual-sided-pen-2.webp 1000w, https:\/\/diamondswizard.com\/wp-content\/uploads\/2022\/10\/diamonds-wizard-custom-diamond-painting-kits-dual-sided-pen-2-300x300.webp 300w, https:\/\/diamondswizard.com\/wp-content\/uploads\/2022\/10\/diamonds-wizard-custom-diamond-painting-kits-dual-sided-pen-2-150x150.webp 150w, https:\/\/diamondswizard.com\/wp-content\/uploads\/2022\/10\/diamonds-wizard-custom-diamond-painting-kits-dual-sided-pen-2-768x768.webp 768w, https:\/\/diamondswizard.com\/wp-content\/uploads\/2022\/10\/diamonds-wizard-custom-diamond-painting-kits-dual-sided-pen-2-990x990.webp 990w, https:\/\/diamondswizard.com\/wp-content\/uploads\/2022\/10\/diamonds-wizard-custom-diamond-painting-kits-dual-sided-pen-2-441x441.webp 441w, https:\/\/diamondswizard.com\/wp-content\/uploads\/2022\/10\/diamonds-wizard-custom-diamond-painting-kits-dual-sided-pen-2-100x100.webp 100w, https:\/\/diamondswizard.com\/wp-content\/uploads\/2022\/10\/diamonds-wizard-custom-diamond-painting-kits-dual-sided-pen-2-800x800.webp 800w\" sizes=\"(max-width: 1000px) 100vw, 1000px\" \/><\/p>\n<p style=\"text-align: center;\">La sua punta ultrasottile \u00e8 appositamente progettata per posizionare le frese in spazi ristretti.<br \/>\nPerfetto per i pittori di diamanti veterani che amano i kit di trapani completi.<\/p>","protected":false},"excerpt":{"rendered":"<p>Niente pi\u00f9 crampi alle mani facendo Diamond Painting Dipingi diamanti per ore con questa penna a doppio lato. La sua ampia impugnatura \u00e8 progettata per garantire comfort durante lunghe sessioni di pittura con diamanti. Scegli i diamanti pi\u00f9 velocemente della tua ombra La punta a cono in cera (sostituibile) rende pi\u00f9 facile e veloce la raccolta e il posizionamento dei diamanti. Finisci i tuoi dipinti con diamanti due volte pi\u00f9 velocemente. [\u2026]<\/p>","protected":false},"featured_media":595,"comment_status":"open","ping_status":"closed","template":"","meta":[],"product_brand":[],"product_cat":[40,41],"product_tag":[],"class_list":{"0":"post-594","1":"product","2":"type-product","3":"status-publish","4":"has-post-thumbnail","6":"product_cat-accessories","7":"product_cat-pen","9":"first","10":"instock","11":"sale","12":"shipping-taxable","13":"purchasable","14":"product-type-simple"},"test_pod":null,"rank_math_seo_score":"73","rank_math_focus_keyword":"diamond painting pen","_links":{"self":[{"href":"https:\/\/diamondswizard.com\/it\/wp-json\/wp\/v2\/product\/594","targetHints":{"allow":["GET"]}}],"collection":[{"href":"https:\/\/diamondswizard.com\/it\/wp-json\/wp\/v2\/product"}],"about":[{"href":"https:\/\/diamondswizard.com\/it\/wp-json\/wp\/v2\/types\/product"}],"replies":[{"embeddable":true,"href":"https:\/\/diamondswizard.com\/it\/wp-json\/wp\/v2\/comments?post=594"}],"wp:featuredmedia":[{"embeddable":true,"href":"https:\/\/diamondswizard.com\/it\/wp-json\/wp\/v2\/media\/595"}],"wp:attachment":[{"href":"https:\/\/diamondswizard.com\/it\/wp-json\/wp\/v2\/media?parent=594"}],"wp:term":[{"taxonomy":"product_brand","embeddable":true,"href":"https:\/\/diamondswizard.com\/it\/wp-json\/wp\/v2\/product_brand?post=594"},{"taxonomy":"product_cat","embeddable":true,"href":"https:\/\/diamondswizard.com\/it\/wp-json\/wp\/v2\/product_cat?post=594"},{"taxonomy":"product_tag","embeddable":true,"href":"https:\/\/diamondswizard.com\/it\/wp-json\/wp\/v2\/product_tag?post=594"}],"curies":[{"name":"wp","href":"https:\/\/api.w.org\/{rel}","templated":true}]}}