{"id":594,"date":"2022-10-28T09:38:08","date_gmt":"2022-10-28T09:38:08","guid":{"rendered":"https:\/\/diamondswizard.com\/?post_type=product&#038;p=594"},"modified":"2023-11-05T04:00:07","modified_gmt":"2023-11-05T04:00:07","slug":"dual-sided-diamond-painting-pen","status":"publish","type":"product","link":"https:\/\/diamondswizard.com\/fr\/products\/stylo-peinture-diamant-double-face\/","title":{"rendered":"Stylo de diamond painting double face"},"content":{"rendered":"<h2 style=\"text-align: center;\">Fini les crampes \u00e0 la main en faisant de la broderie diamant<\/h2>\n<div style=\"text-align: center;\"><video class=\"Feature-video video-lazy\" style=\"max-width: 100%;\" autoplay=\"autoplay\" loop=\"loop\" muted=\"\" width=\"400px\" height=\"auto\"><source src=\"\/wp-content\/uploads\/2022\/10\/diamonds-wizard-custom-diamond-painting-kits-dual-sided-pen-5.webm\" type=\"video\/webm\" \/><source src=\"\/wp-content\/uploads\/2022\/10\/diamonds-wizard-custom-diamond-painting-kits-dual-sided-pen-5.mp4\" type=\"video\/mp4\" \/><\/video><\/div>\n<p style=\"text-align: center;\">Peignez des diamants pendant des heures avec ce stylo \u00e0 double face.<br \/>\nSa large prise en main est con\u00e7ue pour le confort lors de longues sessions de broderie diamant.<\/p>\n<h2 style=\"text-align: center;\">Choisissez des diamants plus rapidement que votre ombre<\/h2>\n<p style=\"text-align: center;\"><img fetchpriority=\"high\" decoding=\"async\" class=\"size-full wp-image-597 aligncenter\" src=\"http:\/\/diamondswizard.com\/wp-content\/uploads\/2022\/10\/diamonds-wizard-custom-diamond-painting-kits-dual-sided-pen-3.webp\" alt=\"\" width=\"1000\" height=\"1001\" title=\"\" srcset=\"https:\/\/diamondswizard.com\/wp-content\/uploads\/2022\/10\/diamonds-wizard-custom-diamond-painting-kits-dual-sided-pen-3.webp 1000w, https:\/\/diamondswizard.com\/wp-content\/uploads\/2022\/10\/diamonds-wizard-custom-diamond-painting-kits-dual-sided-pen-3-300x300.webp 300w, https:\/\/diamondswizard.com\/wp-content\/uploads\/2022\/10\/diamonds-wizard-custom-diamond-painting-kits-dual-sided-pen-3-150x150.webp 150w, https:\/\/diamondswizard.com\/wp-content\/uploads\/2022\/10\/diamonds-wizard-custom-diamond-painting-kits-dual-sided-pen-3-768x769.webp 768w, https:\/\/diamondswizard.com\/wp-content\/uploads\/2022\/10\/diamonds-wizard-custom-diamond-painting-kits-dual-sided-pen-3-990x991.webp 990w, https:\/\/diamondswizard.com\/wp-content\/uploads\/2022\/10\/diamonds-wizard-custom-diamond-painting-kits-dual-sided-pen-3-441x441.webp 441w, https:\/\/diamondswizard.com\/wp-content\/uploads\/2022\/10\/diamonds-wizard-custom-diamond-painting-kits-dual-sided-pen-3-100x100.webp 100w, https:\/\/diamondswizard.com\/wp-content\/uploads\/2022\/10\/diamonds-wizard-custom-diamond-painting-kits-dual-sided-pen-3-800x801.webp 800w\" sizes=\"(max-width: 1000px) 100vw, 1000px\" \/><\/p>\n<p style=\"text-align: center;\">Sa pointe conique en cire (rempla\u00e7able) facilite et acc\u00e9l\u00e8re le pr\u00e9l\u00e8vement et le placement des diamants.<br \/>\nTerminez vos peintures au diamant deux fois plus rapidement.<\/p>\n<h2 style=\"text-align: center;\">Pr\u00e9cision de type chirurgical<\/h2>\n<p><img decoding=\"async\" class=\"size-full wp-image-596 aligncenter\" src=\"http:\/\/diamondswizard.com\/wp-content\/uploads\/2022\/10\/diamonds-wizard-custom-diamond-painting-kits-dual-sided-pen-2.webp\" alt=\"\" width=\"1000\" height=\"1000\" title=\"\" srcset=\"https:\/\/diamondswizard.com\/wp-content\/uploads\/2022\/10\/diamonds-wizard-custom-diamond-painting-kits-dual-sided-pen-2.webp 1000w, https:\/\/diamondswizard.com\/wp-content\/uploads\/2022\/10\/diamonds-wizard-custom-diamond-painting-kits-dual-sided-pen-2-300x300.webp 300w, https:\/\/diamondswizard.com\/wp-content\/uploads\/2022\/10\/diamonds-wizard-custom-diamond-painting-kits-dual-sided-pen-2-150x150.webp 150w, https:\/\/diamondswizard.com\/wp-content\/uploads\/2022\/10\/diamonds-wizard-custom-diamond-painting-kits-dual-sided-pen-2-768x768.webp 768w, https:\/\/diamondswizard.com\/wp-content\/uploads\/2022\/10\/diamonds-wizard-custom-diamond-painting-kits-dual-sided-pen-2-990x990.webp 990w, https:\/\/diamondswizard.com\/wp-content\/uploads\/2022\/10\/diamonds-wizard-custom-diamond-painting-kits-dual-sided-pen-2-441x441.webp 441w, https:\/\/diamondswizard.com\/wp-content\/uploads\/2022\/10\/diamonds-wizard-custom-diamond-painting-kits-dual-sided-pen-2-100x100.webp 100w, https:\/\/diamondswizard.com\/wp-content\/uploads\/2022\/10\/diamonds-wizard-custom-diamond-painting-kits-dual-sided-pen-2-800x800.webp 800w\" sizes=\"(max-width: 1000px) 100vw, 1000px\" \/><\/p>\n<p style=\"text-align: center;\">Sa pointe ultra-fine est sp\u00e9cialement con\u00e7ue pour placer des forets dans des espaces \u00e9troits.<br \/>\nParfait pour les peintres au diamant v\u00e9t\u00e9rans qui aiment les kits de forets complets.<\/p>","protected":false},"excerpt":{"rendered":"<p>Fini les crampes aux mains en faisant Diamond Painting Peignez des diamants pendant des heures avec ce stylo double face. Sa large poign\u00e9e est con\u00e7ue pour le confort lors des longues s\u00e9ances de peinture au diamant. Choisissez des diamants plus rapidement que votre ombre. Sa pointe conique en cire (rempla\u00e7able) facilite et acc\u00e9l\u00e8re la s\u00e9lection et le placement des diamants. Terminez vos peintures au diamant deux fois plus rapidement. [\u2026]<\/p>","protected":false},"featured_media":595,"comment_status":"open","ping_status":"closed","template":"","meta":[],"product_brand":[],"product_cat":[40,41],"product_tag":[],"class_list":{"0":"post-594","1":"product","2":"type-product","3":"status-publish","4":"has-post-thumbnail","6":"product_cat-accessories","7":"product_cat-pen","9":"first","10":"instock","11":"sale","12":"shipping-taxable","13":"purchasable","14":"product-type-simple"},"test_pod":null,"rank_math_seo_score":"73","rank_math_focus_keyword":"diamond painting pen","_links":{"self":[{"href":"https:\/\/diamondswizard.com\/fr\/wp-json\/wp\/v2\/product\/594","targetHints":{"allow":["GET"]}}],"collection":[{"href":"https:\/\/diamondswizard.com\/fr\/wp-json\/wp\/v2\/product"}],"about":[{"href":"https:\/\/diamondswizard.com\/fr\/wp-json\/wp\/v2\/types\/product"}],"replies":[{"embeddable":true,"href":"https:\/\/diamondswizard.com\/fr\/wp-json\/wp\/v2\/comments?post=594"}],"wp:featuredmedia":[{"embeddable":true,"href":"https:\/\/diamondswizard.com\/fr\/wp-json\/wp\/v2\/media\/595"}],"wp:attachment":[{"href":"https:\/\/diamondswizard.com\/fr\/wp-json\/wp\/v2\/media?parent=594"}],"wp:term":[{"taxonomy":"product_brand","embeddable":true,"href":"https:\/\/diamondswizard.com\/fr\/wp-json\/wp\/v2\/product_brand?post=594"},{"taxonomy":"product_cat","embeddable":true,"href":"https:\/\/diamondswizard.com\/fr\/wp-json\/wp\/v2\/product_cat?post=594"},{"taxonomy":"product_tag","embeddable":true,"href":"https:\/\/diamondswizard.com\/fr\/wp-json\/wp\/v2\/product_tag?post=594"}],"curies":[{"name":"wp","href":"https:\/\/api.w.org\/{rel}","templated":true}]}}