{"id":559,"date":"2022-10-28T08:28:36","date_gmt":"2022-10-28T08:28:36","guid":{"rendered":"https:\/\/diamondswizard.com\/?post_type=product&#038;p=559"},"modified":"2023-11-05T04:00:12","modified_gmt":"2023-11-05T04:00:12","slug":"light-pad-for-diamond-painting","status":"publish","type":"product","link":"https:\/\/diamondswizard.com\/fr\/products\/bloc-lumiere-pour-la-peinture-au-diamant\/","title":{"rendered":"Tablettes Lumineuses pour le Diamond Painting"},"content":{"rendered":"<h2 style=\"text-align: center;\">R\u00e9duisez votre fatigue oculaire pour de bon<\/h2>\n<p style=\"text-align: center;\"><img fetchpriority=\"high\" decoding=\"async\" class=\"aligncenter wp-image-563 size-full\" src=\"http:\/\/diamondswizard.com\/wp-content\/uploads\/2022\/10\/diamonds-wizard-custom-diamond-painting-kits-light-pad-2.jpg\" alt=\"\" width=\"1080\" height=\"1080\" title=\"\" srcset=\"https:\/\/diamondswizard.com\/wp-content\/uploads\/2022\/10\/diamonds-wizard-custom-diamond-painting-kits-light-pad-2.jpg 1080w, https:\/\/diamondswizard.com\/wp-content\/uploads\/2022\/10\/diamonds-wizard-custom-diamond-painting-kits-light-pad-2-300x300.jpg 300w, https:\/\/diamondswizard.com\/wp-content\/uploads\/2022\/10\/diamonds-wizard-custom-diamond-painting-kits-light-pad-2-1024x1024.jpg 1024w, https:\/\/diamondswizard.com\/wp-content\/uploads\/2022\/10\/diamonds-wizard-custom-diamond-painting-kits-light-pad-2-150x150.jpg 150w, https:\/\/diamondswizard.com\/wp-content\/uploads\/2022\/10\/diamonds-wizard-custom-diamond-painting-kits-light-pad-2-768x768.jpg 768w, https:\/\/diamondswizard.com\/wp-content\/uploads\/2022\/10\/diamonds-wizard-custom-diamond-painting-kits-light-pad-2-990x990.jpg 990w, https:\/\/diamondswizard.com\/wp-content\/uploads\/2022\/10\/diamonds-wizard-custom-diamond-painting-kits-light-pad-2-441x441.jpg 441w, https:\/\/diamondswizard.com\/wp-content\/uploads\/2022\/10\/diamonds-wizard-custom-diamond-painting-kits-light-pad-2-100x100.jpg 100w, https:\/\/diamondswizard.com\/wp-content\/uploads\/2022\/10\/diamonds-wizard-custom-diamond-painting-kits-light-pad-2-800x800.jpg 800w\" sizes=\"(max-width: 1080px) 100vw, 1080px\" \/><\/p>\n<p style=\"text-align: center;\">Facilitez la peinture au diamant et \u00e9vitez les maux de t\u00eate gr\u00e2ce au bloc lumineux A4 pour la peinture au diamant.<\/p>\n<p style=\"text-align: center;\">Plus besoin de plisser les yeux ou de passer des heures \u00e0 trouver le motif correspondant sur la toile.<\/p>\n<p>&nbsp;<\/p>\n<p>&nbsp;<\/p>\n<h2 style=\"text-align: center;\">3 r\u00e9glages de luminosit\u00e9<\/h2>\n<p style=\"text-align: center;\"><img decoding=\"async\" class=\"size-full wp-image-566 aligncenter\" src=\"http:\/\/diamondswizard.com\/wp-content\/uploads\/2022\/10\/diamonds-wizard-custom-diamond-painting-kits-light-pad-5.jpg\" alt=\"\" width=\"1000\" height=\"1000\" title=\"\" srcset=\"https:\/\/diamondswizard.com\/wp-content\/uploads\/2022\/10\/diamonds-wizard-custom-diamond-painting-kits-light-pad-5.jpg 1000w, https:\/\/diamondswizard.com\/wp-content\/uploads\/2022\/10\/diamonds-wizard-custom-diamond-painting-kits-light-pad-5-300x300.jpg 300w, https:\/\/diamondswizard.com\/wp-content\/uploads\/2022\/10\/diamonds-wizard-custom-diamond-painting-kits-light-pad-5-150x150.jpg 150w, https:\/\/diamondswizard.com\/wp-content\/uploads\/2022\/10\/diamonds-wizard-custom-diamond-painting-kits-light-pad-5-768x768.jpg 768w, https:\/\/diamondswizard.com\/wp-content\/uploads\/2022\/10\/diamonds-wizard-custom-diamond-painting-kits-light-pad-5-990x990.jpg 990w, https:\/\/diamondswizard.com\/wp-content\/uploads\/2022\/10\/diamonds-wizard-custom-diamond-painting-kits-light-pad-5-441x441.jpg 441w, https:\/\/diamondswizard.com\/wp-content\/uploads\/2022\/10\/diamonds-wizard-custom-diamond-painting-kits-light-pad-5-100x100.jpg 100w, https:\/\/diamondswizard.com\/wp-content\/uploads\/2022\/10\/diamonds-wizard-custom-diamond-painting-kits-light-pad-5-800x800.jpg 800w\" sizes=\"(max-width: 1000px) 100vw, 1000px\" \/><\/p>\n<p style=\"text-align: center;\"><span style=\"text-decoration: underline;\">D&#039;une seule touche, r\u00e9glez votre niveau de luminosit\u00e9\u00a0:<\/span><\/p>\n<p style=\"text-align: center;\"><strong>Faible<\/strong>: parfait pour des soir\u00e9es douillettes au coin d&#039;une chemin\u00e9e chaleureuse<br \/>\n<strong>Moyen<\/strong>: id\u00e9al pour la journ\u00e9e<br \/>\n<strong>Fort<\/strong>: Parfait pour les journ\u00e9es paisibles et ensoleill\u00e9es dans le jardin<\/p>\n<p>&nbsp;<\/p>\n<p>&nbsp;<\/p>\n<h2 style=\"text-align: center;\">L\u00e9ger et portable<\/h2>\n<p style=\"text-align: center;\">Seulement 3,5 mm d&#039;\u00e9paisseur et format A4, moins qu&#039;un bloc-notes.<\/p>\n<p style=\"text-align: center;\">Facile \u00e0 emporter partout, ne prendra pas de place dans votre sac \u00e0 main<\/p>\n<p>&nbsp;<\/p>\n<p>&nbsp;<\/p>\n<h2 style=\"text-align: center;\">Offre d&#039;une dur\u00e9e limit\u00e9e<\/h2>\n<p style=\"text-align: center;\"><img decoding=\"async\" class=\"size-full wp-image-568 aligncenter\" src=\"http:\/\/diamondswizard.com\/wp-content\/uploads\/2022\/10\/diamonds-wizard-custom-diamond-painting-kits-light-pad-7.jpg\" alt=\"\" width=\"1000\" height=\"1000\" title=\"\" srcset=\"https:\/\/diamondswizard.com\/wp-content\/uploads\/2022\/10\/diamonds-wizard-custom-diamond-painting-kits-light-pad-7.jpg 1000w, https:\/\/diamondswizard.com\/wp-content\/uploads\/2022\/10\/diamonds-wizard-custom-diamond-painting-kits-light-pad-7-300x300.jpg 300w, https:\/\/diamondswizard.com\/wp-content\/uploads\/2022\/10\/diamonds-wizard-custom-diamond-painting-kits-light-pad-7-150x150.jpg 150w, https:\/\/diamondswizard.com\/wp-content\/uploads\/2022\/10\/diamonds-wizard-custom-diamond-painting-kits-light-pad-7-768x768.jpg 768w, https:\/\/diamondswizard.com\/wp-content\/uploads\/2022\/10\/diamonds-wizard-custom-diamond-painting-kits-light-pad-7-990x990.jpg 990w, https:\/\/diamondswizard.com\/wp-content\/uploads\/2022\/10\/diamonds-wizard-custom-diamond-painting-kits-light-pad-7-441x441.jpg 441w, https:\/\/diamondswizard.com\/wp-content\/uploads\/2022\/10\/diamonds-wizard-custom-diamond-painting-kits-light-pad-7-100x100.jpg 100w, https:\/\/diamondswizard.com\/wp-content\/uploads\/2022\/10\/diamonds-wizard-custom-diamond-painting-kits-light-pad-7-800x800.jpg 800w\" sizes=\"(max-width: 1000px) 100vw, 1000px\" \/><\/p>\n<p style=\"text-align: center;\">D\u00e9barrassez-vous des douleurs au cou et au dos avec le support pour diamond painting<\/p>\n<p style=\"text-align: center;\"><strong>Habituellement vendu \u00e0 +$20<\/strong>, vous pouvez l&#039;obtenir \u00e0 seulement $9 jusqu&#039;\u00e0 \u00e9puisement des stocks.<\/p>\n<p style=\"text-align: center;\"><strong>B\u00e9n\u00e9ficiez de votre Support \u00e0 prix r\u00e9duit en choisissant le mod\u00e8le \u00ab A4 Light Pad + Support \u00bb<\/strong><\/p>","protected":false},"excerpt":{"rendered":"<ul>\n<li><strong>R\u00e9duire<\/strong> Fatigue des yeux<\/li>\n<li><strong>3<\/strong> Param\u00e8tres de luminosit\u00e9<\/li>\n<li>Ultra <strong>Mince<\/strong> (seulement 3,5 mm)<\/li>\n<li><strong>Pas de piles<\/strong> Requis<\/li>\n<\/ul>","protected":false},"featured_media":562,"comment_status":"open","ping_status":"closed","template":"","meta":[],"product_brand":[],"product_cat":[40,43],"product_tag":[],"class_list":{"0":"post-559","1":"product","2":"type-product","3":"status-publish","4":"has-post-thumbnail","6":"product_cat-accessories","7":"product_cat-light-pad-for-diamond-painting","9":"first","10":"instock","11":"sale","12":"shipping-taxable","13":"purchasable","14":"product-type-variable","15":"has-default-attributes"},"test_pod":null,"rank_math_seo_score":"69","rank_math_focus_keyword":"Light Pad for Diamond Painting","_links":{"self":[{"href":"https:\/\/diamondswizard.com\/fr\/wp-json\/wp\/v2\/product\/559","targetHints":{"allow":["GET"]}}],"collection":[{"href":"https:\/\/diamondswizard.com\/fr\/wp-json\/wp\/v2\/product"}],"about":[{"href":"https:\/\/diamondswizard.com\/fr\/wp-json\/wp\/v2\/types\/product"}],"replies":[{"embeddable":true,"href":"https:\/\/diamondswizard.com\/fr\/wp-json\/wp\/v2\/comments?post=559"}],"wp:featuredmedia":[{"embeddable":true,"href":"https:\/\/diamondswizard.com\/fr\/wp-json\/wp\/v2\/media\/562"}],"wp:attachment":[{"href":"https:\/\/diamondswizard.com\/fr\/wp-json\/wp\/v2\/media?parent=559"}],"wp:term":[{"taxonomy":"product_brand","embeddable":true,"href":"https:\/\/diamondswizard.com\/fr\/wp-json\/wp\/v2\/product_brand?post=559"},{"taxonomy":"product_cat","embeddable":true,"href":"https:\/\/diamondswizard.com\/fr\/wp-json\/wp\/v2\/product_cat?post=559"},{"taxonomy":"product_tag","embeddable":true,"href":"https:\/\/diamondswizard.com\/fr\/wp-json\/wp\/v2\/product_tag?post=559"}],"curies":[{"name":"wp","href":"https:\/\/api.w.org\/{rel}","templated":true}]}}