{"id":27952,"date":"2024-06-15T00:00:00","date_gmt":"2024-06-15T00:00:00","guid":{"rendered":"https:\/\/diamondswizard.com\/?post_type=product&#038;p=27952"},"modified":"2024-04-10T07:07:40","modified_gmt":"2024-04-10T07:07:40","slug":"diamond-painting-sunset-serenity","status":"publish","type":"product","link":"https:\/\/diamondswizard.com\/fr\/products\/diamond-painting-sunset-serenity\/","title":{"rendered":"Diamond Painting S\u00e9r\u00e9nit\u00e9 au coucher du soleil"},"content":{"rendered":"","protected":false},"excerpt":{"rendered":"","protected":false},"featured_media":27976,"comment_status":"open","ping_status":"closed","template":"","meta":[],"product_brand":[],"product_cat":[15,84,73,78],"product_tag":[],"class_list":{"0":"post-27952","1":"product","2":"type-product","3":"status-publish","4":"has-post-thumbnail","6":"product_cat-all","7":"product_cat-beach","8":"product_cat-landscape","9":"product_cat-sunset","11":"first","12":"instock","13":"sale","14":"shipping-taxable","15":"purchasable","16":"product-type-variable","17":"has-default-attributes"},"test_pod":null,"rank_math_seo_score":"50","rank_math_focus_keyword":"Sunset Serenity","_links":{"self":[{"href":"https:\/\/diamondswizard.com\/fr\/wp-json\/wp\/v2\/product\/27952","targetHints":{"allow":["GET"]}}],"collection":[{"href":"https:\/\/diamondswizard.com\/fr\/wp-json\/wp\/v2\/product"}],"about":[{"href":"https:\/\/diamondswizard.com\/fr\/wp-json\/wp\/v2\/types\/product"}],"replies":[{"embeddable":true,"href":"https:\/\/diamondswizard.com\/fr\/wp-json\/wp\/v2\/comments?post=27952"}],"wp:featuredmedia":[{"embeddable":true,"href":"https:\/\/diamondswizard.com\/fr\/wp-json\/wp\/v2\/media\/27976"}],"wp:attachment":[{"href":"https:\/\/diamondswizard.com\/fr\/wp-json\/wp\/v2\/media?parent=27952"}],"wp:term":[{"taxonomy":"product_brand","embeddable":true,"href":"https:\/\/diamondswizard.com\/fr\/wp-json\/wp\/v2\/product_brand?post=27952"},{"taxonomy":"product_cat","embeddable":true,"href":"https:\/\/diamondswizard.com\/fr\/wp-json\/wp\/v2\/product_cat?post=27952"},{"taxonomy":"product_tag","embeddable":true,"href":"https:\/\/diamondswizard.com\/fr\/wp-json\/wp\/v2\/product_tag?post=27952"}],"curies":[{"name":"wp","href":"https:\/\/api.w.org\/{rel}","templated":true}]}}