{"id":21727,"date":"2024-01-13T00:00:00","date_gmt":"2024-01-13T00:00:00","guid":{"rendered":"https:\/\/diamondswizard.com\/?post_type=product&#038;p=21727"},"modified":"2023-12-19T11:21:27","modified_gmt":"2023-12-19T11:21:27","slug":"diamond-painting-dreamy-forest-feline","status":"publish","type":"product","link":"https:\/\/diamondswizard.com\/fr\/products\/diamond-painting-dreamy-forest-feline\/","title":{"rendered":"Diamond Painting F\u00e9lin de la for\u00eat de r\u00eave"},"content":{"rendered":"","protected":false},"excerpt":{"rendered":"","protected":false},"featured_media":21750,"comment_status":"open","ping_status":"closed","template":"","meta":[],"product_brand":[],"product_cat":[15,44,47],"product_tag":[],"class_list":{"0":"post-21727","1":"product","2":"type-product","3":"status-publish","4":"has-post-thumbnail","6":"product_cat-all","7":"product_cat-animals","8":"product_cat-cat","10":"first","11":"instock","12":"sale","13":"shipping-taxable","14":"purchasable","15":"product-type-variable","16":"has-default-attributes"},"test_pod":null,"rank_math_seo_score":"50","rank_math_focus_keyword":"Dreamy Forest Feline","_links":{"self":[{"href":"https:\/\/diamondswizard.com\/fr\/wp-json\/wp\/v2\/product\/21727","targetHints":{"allow":["GET"]}}],"collection":[{"href":"https:\/\/diamondswizard.com\/fr\/wp-json\/wp\/v2\/product"}],"about":[{"href":"https:\/\/diamondswizard.com\/fr\/wp-json\/wp\/v2\/types\/product"}],"replies":[{"embeddable":true,"href":"https:\/\/diamondswizard.com\/fr\/wp-json\/wp\/v2\/comments?post=21727"}],"wp:featuredmedia":[{"embeddable":true,"href":"https:\/\/diamondswizard.com\/fr\/wp-json\/wp\/v2\/media\/21750"}],"wp:attachment":[{"href":"https:\/\/diamondswizard.com\/fr\/wp-json\/wp\/v2\/media?parent=21727"}],"wp:term":[{"taxonomy":"product_brand","embeddable":true,"href":"https:\/\/diamondswizard.com\/fr\/wp-json\/wp\/v2\/product_brand?post=21727"},{"taxonomy":"product_cat","embeddable":true,"href":"https:\/\/diamondswizard.com\/fr\/wp-json\/wp\/v2\/product_cat?post=21727"},{"taxonomy":"product_tag","embeddable":true,"href":"https:\/\/diamondswizard.com\/fr\/wp-json\/wp\/v2\/product_tag?post=21727"}],"curies":[{"name":"wp","href":"https:\/\/api.w.org\/{rel}","templated":true}]}}