{"id":507,"date":"2022-10-27T10:43:14","date_gmt":"2022-10-27T10:43:14","guid":{"rendered":"https:\/\/diamondswizard.com\/?page_id=507"},"modified":"2023-12-03T05:20:14","modified_gmt":"2023-12-03T05:20:14","slug":"shipping-returns","status":"publish","type":"page","link":"https:\/\/diamondswizard.com\/fr\/expedition-retours\/","title":{"rendered":"Exp\u00e9dition &amp; retours"},"content":{"rendered":"<div data-elementor-type=\"wp-page\" data-elementor-id=\"507\" class=\"elementor elementor-507\" data-elementor-settings=\"{&quot;ha_cmc_init_switcher&quot;:&quot;no&quot;}\" data-elementor-post-type=\"page\">\n\t\t\t\t\t\t<section class=\"elementor-section elementor-top-section elementor-element elementor-element-03836d2 elementor-section-boxed elementor-section-height-default elementor-section-height-default\" data-id=\"03836d2\" data-element_type=\"section\">\n\t\t\t\t\t\t<div class=\"elementor-container elementor-column-gap-default\">\n\t\t\t\t\t<div class=\"elementor-column elementor-col-100 elementor-top-column elementor-element elementor-element-0009103\" data-id=\"0009103\" data-element_type=\"column\">\n\t\t\t<div class=\"elementor-widget-wrap elementor-element-populated\">\n\t\t\t\t\t\t<div class=\"elementor-element elementor-element-d8c4889 elementor-widget elementor-widget-heading\" data-id=\"d8c4889\" data-element_type=\"widget\" data-widget_type=\"heading.default\">\n\t\t\t\t<div class=\"elementor-widget-container\">\n\t\t\t\t\t<h3 class=\"elementor-heading-title elementor-size-default\">Exp\u00e9dition<\/h3>\t\t\t\t<\/div>\n\t\t\t\t<\/div>\n\t\t\t\t<div class=\"elementor-element elementor-element-e6f4067 elementor-widget elementor-widget-text-editor\" data-id=\"e6f4067\" data-element_type=\"widget\" data-widget_type=\"text-editor.default\">\n\t\t\t\t<div class=\"elementor-widget-container\">\n\t\t\t\t\t\t\t\t\t<p>Nous sommes heureux d&#039;annoncer que nous exp\u00e9dions d\u00e9sormais nos c\u00e9l\u00e8bres kits de peinture diamant dans le monde entier.<\/p><p>Apr\u00e8s avoir pass\u00e9 votre commande, nous emballerons votre commande avec amour et l&#039;exp\u00e9dierons sous 48 heures.<\/p><p><span style=\"text-decoration: underline;\">Vous recevrez votre commande dans :<\/span><\/p>\t\t\t\t\t\t\t\t<\/div>\n\t\t\t\t<\/div>\n\t\t\t\t<div class=\"elementor-element elementor-element-67525ae elementor-widget elementor-widget-html\" data-id=\"67525ae\" data-element_type=\"widget\" data-widget_type=\"html.default\">\n\t\t\t\t<div class=\"elementor-widget-container\">\n\t\t\t\t\t<table>\n    <tr>\n        <th><\/th>\n        <th>Etats-Unis<\/th>\n        <th>Australie<\/th>\n        <th>L&#039;Europe \uf0d7<\/th>\n        <th>Reste du monde<\/th>\n    <\/tr>\n    <tr>\n      <td><strong>Temps d&#039;exp\u00e9dition :<\/strong><\/td>\n      <td>4-12 jours ouvrables<\/td>\n      <td>4-12 jours ouvrables<\/td>\n      <td>4-12 jours ouvrables<\/td>\n      <td>4-12 jours ouvrables<\/td>\n    <\/tr>\n    <tr>\n      <td><strong>Prix :<\/strong><\/td>\n      <td>$4.95<\/td>\n      <td>$4.95<\/td>\n      <td>$4.95<\/td>\n      <td>$4.95<\/td>\n    <\/tr>\n  <\/table>\t\t\t\t<\/div>\n\t\t\t\t<\/div>\n\t\t\t\t<div class=\"elementor-element elementor-element-118f70b elementor-widget elementor-widget-text-editor\" data-id=\"118f70b\" data-element_type=\"widget\" data-widget_type=\"text-editor.default\">\n\t\t\t\t<div class=\"elementor-widget-container\">\n\t\t\t\t\t\t\t\t\t<p>Les frais d&#039;exp\u00e9dition standard sont <strong>$4.95<\/strong> et la livraison est gratuite pour les commandes sup\u00e9rieures \u00e0 $99.<\/p><p>\u00a0<\/p><p><span style=\"text-decoration: underline;\"><strong>Kits de peinture diamant personnalis\u00e9s :<\/strong><\/span><br \/>La commande contenant un kit de peinture au diamant personnalis\u00e9 sera livr\u00e9e dans un d\u00e9lai de 15 \u00e0 20 jours ouvrables (incluant\u00a0: la retouche de votre photo par nos designers, l&#039;impression de votre kit de peinture au diamant sur une toile de qualit\u00e9 sup\u00e9rieure, le contr\u00f4le de la qualit\u00e9 de votre peinture au diamant et l&#039;exp\u00e9dition).<\/p>\t\t\t\t\t\t\t\t<\/div>\n\t\t\t\t<\/div>\n\t\t\t\t\t<\/div>\n\t\t<\/div>\n\t\t\t\t\t<\/div>\n\t\t<\/section>\n\t\t\t\t<section class=\"elementor-section elementor-top-section elementor-element elementor-element-d26aea3 elementor-section-boxed elementor-section-height-default elementor-section-height-default\" data-id=\"d26aea3\" data-element_type=\"section\">\n\t\t\t\t\t\t<div class=\"elementor-container elementor-column-gap-default\">\n\t\t\t\t\t<div class=\"elementor-column elementor-col-100 elementor-top-column elementor-element elementor-element-264ce85\" data-id=\"264ce85\" data-element_type=\"column\">\n\t\t\t<div class=\"elementor-widget-wrap elementor-element-populated\">\n\t\t\t\t\t\t<div class=\"elementor-element elementor-element-63e1c12 elementor-widget elementor-widget-heading\" data-id=\"63e1c12\" data-element_type=\"widget\" data-widget_type=\"heading.default\">\n\t\t\t\t<div class=\"elementor-widget-container\">\n\t\t\t\t\t<h3 class=\"elementor-heading-title elementor-size-default\">Comment suivre votre commande<\/h3>\t\t\t\t<\/div>\n\t\t\t\t<\/div>\n\t\t\t\t<div class=\"elementor-element elementor-element-59b81e3 elementor-widget elementor-widget-text-editor\" data-id=\"59b81e3\" data-element_type=\"widget\" data-widget_type=\"text-editor.default\">\n\t\t\t\t<div class=\"elementor-widget-container\">\n\t\t\t\t\t\t\t\t\t<p>Une fois votre commande exp\u00e9di\u00e9e, nous vous enverrons un\u00a0<strong>lien de suivi<\/strong>\u00a0via l&#039;e-mail que vous avez fourni lors de votre commande.<\/p><p>Vous pouvez \u00e9galement suivre votre commande en vous rendant sur notre\u00a0<a href=\"\/fr\/piste\/\"><strong>page de suivi de commande<\/strong><\/a>\u00a0(vous aurez besoin de votre num\u00e9ro de commande et de votre e-mail de facturation)<\/p>\t\t\t\t\t\t\t\t<\/div>\n\t\t\t\t<\/div>\n\t\t\t\t\t<\/div>\n\t\t<\/div>\n\t\t\t\t\t<\/div>\n\t\t<\/section>\n\t\t\t\t<section class=\"elementor-section elementor-top-section elementor-element elementor-element-719d05a elementor-section-boxed elementor-section-height-default elementor-section-height-default\" data-id=\"719d05a\" data-element_type=\"section\">\n\t\t\t\t\t\t<div class=\"elementor-container elementor-column-gap-default\">\n\t\t\t\t\t<div class=\"elementor-column elementor-col-100 elementor-top-column elementor-element elementor-element-5efd971\" data-id=\"5efd971\" data-element_type=\"column\">\n\t\t\t<div class=\"elementor-widget-wrap elementor-element-populated\">\n\t\t\t\t\t\t<div class=\"elementor-element elementor-element-5feb38e elementor-widget elementor-widget-heading\" data-id=\"5feb38e\" data-element_type=\"widget\" data-widget_type=\"heading.default\">\n\t\t\t\t<div class=\"elementor-widget-container\">\n\t\t\t\t\t<h3 class=\"elementor-heading-title elementor-size-default\">Retour<\/h3>\t\t\t\t<\/div>\n\t\t\t\t<\/div>\n\t\t\t\t<div class=\"elementor-element elementor-element-6691d4c elementor-widget elementor-widget-text-editor\" data-id=\"6691d4c\" data-element_type=\"widget\" data-widget_type=\"text-editor.default\">\n\t\t\t\t<div class=\"elementor-widget-container\">\n\t\t\t\t\t\t\t\t\t<p>Si vous n&#039;\u00eates pas satisfait de votre achat, vous \u00eates libre de retourner votre commande dans les 30 jours pour obtenir un remboursement complet.<\/p><p>Gentiment\u00a0<a href=\"\/fr\/contact\/\"><strong>contactez notre \u00e9quipe d\u00e9di\u00e9e au bonheur des clients<\/strong><\/a>\u00a0pour vous guider dans le processus de retour<\/p><p>Pour plus de d\u00e9tails, veuillez consulter notre\u00a0<a href=\"\/fr\/returns\/\"><strong>politique de retour<\/strong><\/a>.<\/p>\t\t\t\t\t\t\t\t<\/div>\n\t\t\t\t<\/div>\n\t\t\t\t\t<\/div>\n\t\t<\/div>\n\t\t\t\t\t<\/div>\n\t\t<\/section>\n\t\t\t\t<\/div>","protected":false},"excerpt":{"rendered":"<p>Exp\u00e9dition Nous sommes heureux d&#039;annoncer que nous exp\u00e9dions d\u00e9sormais nos c\u00e9l\u00e8bres kits de peinture diamant dans le monde entier. Apr\u00e8s avoir pass\u00e9 votre commande, nous emballerons votre commande avec amour et l&#039;exp\u00e9dierons sous 48 heures. Vous recevrez votre commande dans : \u00c9tats-Unis Australie Europe Reste du monde D\u00e9lai de livraison 4-12 jours ouvrables 4-12 jours ouvrables 4-12 jours ouvrables 4-12 jours ouvrables [\u2026]<\/p>","protected":false},"author":1,"featured_media":0,"parent":0,"menu_order":0,"comment_status":"closed","ping_status":"closed","template":"template-fullwidth-no-heading.php","meta":{"footnotes":""},"class_list":["post-507","page","type-page","status-publish","hentry"],"test_pod":null,"rank_math_seo_score":"15","rank_math_focus_keyword":null,"_links":{"self":[{"href":"https:\/\/diamondswizard.com\/fr\/wp-json\/wp\/v2\/pages\/507","targetHints":{"allow":["GET"]}}],"collection":[{"href":"https:\/\/diamondswizard.com\/fr\/wp-json\/wp\/v2\/pages"}],"about":[{"href":"https:\/\/diamondswizard.com\/fr\/wp-json\/wp\/v2\/types\/page"}],"author":[{"embeddable":true,"href":"https:\/\/diamondswizard.com\/fr\/wp-json\/wp\/v2\/users\/1"}],"replies":[{"embeddable":true,"href":"https:\/\/diamondswizard.com\/fr\/wp-json\/wp\/v2\/comments?post=507"}],"version-history":[{"count":0,"href":"https:\/\/diamondswizard.com\/fr\/wp-json\/wp\/v2\/pages\/507\/revisions"}],"wp:attachment":[{"href":"https:\/\/diamondswizard.com\/fr\/wp-json\/wp\/v2\/media?parent=507"}],"curies":[{"name":"wp","href":"https:\/\/api.w.org\/{rel}","templated":true}]}}