{"id":507,"date":"2022-10-27T10:43:14","date_gmt":"2022-10-27T10:43:14","guid":{"rendered":"https:\/\/diamondswizard.com\/?page_id=507"},"modified":"2023-12-03T05:20:14","modified_gmt":"2023-12-03T05:20:14","slug":"shipping-returns","status":"publish","type":"page","link":"https:\/\/diamondswizard.com\/es\/envio-y-devoluciones\/","title":{"rendered":"Env\u00edo y devoluciones"},"content":{"rendered":"<div data-elementor-type=\"wp-page\" data-elementor-id=\"507\" class=\"elementor elementor-507\" data-elementor-settings=\"{&quot;ha_cmc_init_switcher&quot;:&quot;no&quot;}\" data-elementor-post-type=\"page\">\n\t\t\t\t\t\t<section class=\"elementor-section elementor-top-section elementor-element elementor-element-03836d2 elementor-section-boxed elementor-section-height-default elementor-section-height-default\" data-id=\"03836d2\" data-element_type=\"section\">\n\t\t\t\t\t\t<div class=\"elementor-container elementor-column-gap-default\">\n\t\t\t\t\t<div class=\"elementor-column elementor-col-100 elementor-top-column elementor-element elementor-element-0009103\" data-id=\"0009103\" data-element_type=\"column\">\n\t\t\t<div class=\"elementor-widget-wrap elementor-element-populated\">\n\t\t\t\t\t\t<div class=\"elementor-element elementor-element-d8c4889 elementor-widget elementor-widget-heading\" data-id=\"d8c4889\" data-element_type=\"widget\" data-widget_type=\"heading.default\">\n\t\t\t\t<div class=\"elementor-widget-container\">\n\t\t\t\t\t<h3 class=\"elementor-heading-title elementor-size-default\">Env\u00edo<\/h3>\t\t\t\t<\/div>\n\t\t\t\t<\/div>\n\t\t\t\t<div class=\"elementor-element elementor-element-e6f4067 elementor-widget elementor-widget-text-editor\" data-id=\"e6f4067\" data-element_type=\"widget\" data-widget_type=\"text-editor.default\">\n\t\t\t\t<div class=\"elementor-widget-container\">\n\t\t\t\t\t\t\t\t\t<p>Nos complace anunciar que ahora estamos enviando nuestros famosos kits de pintura de diamantes a todo el mundo.<\/p><p>Despu\u00e9s de realizar su pedido, empaquetaremos su pedido con amor y lo enviaremos dentro de las 48 horas.<\/p><p><span style=\"text-decoration: underline;\">Recibir\u00e1s tu pedido en:<\/span><\/p>\t\t\t\t\t\t\t\t<\/div>\n\t\t\t\t<\/div>\n\t\t\t\t<div class=\"elementor-element elementor-element-67525ae elementor-widget elementor-widget-html\" data-id=\"67525ae\" data-element_type=\"widget\" data-widget_type=\"html.default\">\n\t\t\t\t<div class=\"elementor-widget-container\">\n\t\t\t\t\t<table>\n    <tr>\n        <th><\/th>\n        <th>EE.UU<\/th>\n        <th>Australia<\/th>\n        <th>Europa<\/th>\n        <th>Resto del mundo<\/th>\n    <\/tr>\n    <tr>\n      <td><strong>Tiempo de env\u00edo :<\/strong><\/td>\n      <td>4-12 d\u00edas h\u00e1biles<\/td>\n      <td>4-12 d\u00edas h\u00e1biles<\/td>\n      <td>4-12 d\u00edas h\u00e1biles<\/td>\n      <td>4-12 d\u00edas h\u00e1biles<\/td>\n    <\/tr>\n    <tr>\n      <td><strong>Precio :<\/strong><\/td>\n      <td>$4.95<\/td>\n      <td>$4.95<\/td>\n      <td>$4.95<\/td>\n      <td>$4.95<\/td>\n    <\/tr>\n  <\/table>\t\t\t\t<\/div>\n\t\t\t\t<\/div>\n\t\t\t\t<div class=\"elementor-element elementor-element-118f70b elementor-widget elementor-widget-text-editor\" data-id=\"118f70b\" data-element_type=\"widget\" data-widget_type=\"text-editor.default\">\n\t\t\t\t<div class=\"elementor-widget-container\">\n\t\t\t\t\t\t\t\t\t<p>La tarifa de env\u00edo est\u00e1ndar es <strong>$4.95<\/strong> y el env\u00edo es gratuito para pedidos superiores a $99.<\/p><p>\u00a0<\/p><p><span style=\"text-decoration: underline;\"><strong>Kits de pintura de diamantes personalizados:<\/strong><\/span><br \/>El pedido que contiene un kit de pintura de diamantes personalizado se entregar\u00e1 en un plazo de 15 a 20 d\u00edas h\u00e1biles (incluye: edici\u00f3n de su foto por parte de nuestros dise\u00f1adores, impresi\u00f3n de su kit de pintura de diamantes en un lienzo premium, control de calidad de su pintura de diamantes y env\u00edo).<\/p>\t\t\t\t\t\t\t\t<\/div>\n\t\t\t\t<\/div>\n\t\t\t\t\t<\/div>\n\t\t<\/div>\n\t\t\t\t\t<\/div>\n\t\t<\/section>\n\t\t\t\t<section class=\"elementor-section elementor-top-section elementor-element elementor-element-d26aea3 elementor-section-boxed elementor-section-height-default elementor-section-height-default\" data-id=\"d26aea3\" data-element_type=\"section\">\n\t\t\t\t\t\t<div class=\"elementor-container elementor-column-gap-default\">\n\t\t\t\t\t<div class=\"elementor-column elementor-col-100 elementor-top-column elementor-element elementor-element-264ce85\" data-id=\"264ce85\" data-element_type=\"column\">\n\t\t\t<div class=\"elementor-widget-wrap elementor-element-populated\">\n\t\t\t\t\t\t<div class=\"elementor-element elementor-element-63e1c12 elementor-widget elementor-widget-heading\" data-id=\"63e1c12\" data-element_type=\"widget\" data-widget_type=\"heading.default\">\n\t\t\t\t<div class=\"elementor-widget-container\">\n\t\t\t\t\t<h3 class=\"elementor-heading-title elementor-size-default\">C\u00f3mo realizar un seguimiento de su pedido<\/h3>\t\t\t\t<\/div>\n\t\t\t\t<\/div>\n\t\t\t\t<div class=\"elementor-element elementor-element-59b81e3 elementor-widget elementor-widget-text-editor\" data-id=\"59b81e3\" data-element_type=\"widget\" data-widget_type=\"text-editor.default\">\n\t\t\t\t<div class=\"elementor-widget-container\">\n\t\t\t\t\t\t\t\t\t<p>Una vez que su pedido haya sido enviado, le enviaremos un\u00a0<strong>enlace de seguimiento<\/strong>\u00a0a trav\u00e9s del correo electr\u00f3nico que nos proporcion\u00f3 al realizar su pedido.<\/p><p>Tambi\u00e9n puede hacer un seguimiento de su pedido yendo a nuestro\u00a0<a href=\"\/es\/pista\/\"><strong>p\u00e1gina de seguimiento de pedidos<\/strong><\/a>\u00a0(necesitar\u00e1 su n\u00famero de pedido y correo electr\u00f3nico de facturaci\u00f3n)<\/p>\t\t\t\t\t\t\t\t<\/div>\n\t\t\t\t<\/div>\n\t\t\t\t\t<\/div>\n\t\t<\/div>\n\t\t\t\t\t<\/div>\n\t\t<\/section>\n\t\t\t\t<section class=\"elementor-section elementor-top-section elementor-element elementor-element-719d05a elementor-section-boxed elementor-section-height-default elementor-section-height-default\" data-id=\"719d05a\" data-element_type=\"section\">\n\t\t\t\t\t\t<div class=\"elementor-container elementor-column-gap-default\">\n\t\t\t\t\t<div class=\"elementor-column elementor-col-100 elementor-top-column elementor-element elementor-element-5efd971\" data-id=\"5efd971\" data-element_type=\"column\">\n\t\t\t<div class=\"elementor-widget-wrap elementor-element-populated\">\n\t\t\t\t\t\t<div class=\"elementor-element elementor-element-5feb38e elementor-widget elementor-widget-heading\" data-id=\"5feb38e\" data-element_type=\"widget\" data-widget_type=\"heading.default\">\n\t\t\t\t<div class=\"elementor-widget-container\">\n\t\t\t\t\t<h3 class=\"elementor-heading-title elementor-size-default\">Devoluciones<\/h3>\t\t\t\t<\/div>\n\t\t\t\t<\/div>\n\t\t\t\t<div class=\"elementor-element elementor-element-6691d4c elementor-widget elementor-widget-text-editor\" data-id=\"6691d4c\" data-element_type=\"widget\" data-widget_type=\"text-editor.default\">\n\t\t\t\t<div class=\"elementor-widget-container\">\n\t\t\t\t\t\t\t\t\t<p>Si no est\u00e1 satisfecho con su compra, puede devolver su pedido dentro de los 30 d\u00edas para obtener un reembolso completo.<\/p><p>Amable\u00a0<a href=\"\/es\/contacto\/\"><strong>p\u00f3ngase en contacto con nuestro equipo de satisfacci\u00f3n del cliente<\/strong><\/a>\u00a0para guiarte con el proceso de devoluci\u00f3n<\/p><p>Para obtener m\u00e1s detalles, consulte nuestro\u00a0<a href=\"\/es\/returns\/\"><strong>pol\u00edtica de devoluciones<\/strong><\/a>.<\/p>\t\t\t\t\t\t\t\t<\/div>\n\t\t\t\t<\/div>\n\t\t\t\t\t<\/div>\n\t\t<\/div>\n\t\t\t\t\t<\/div>\n\t\t<\/section>\n\t\t\t\t<\/div>","protected":false},"excerpt":{"rendered":"<p>Env\u00edo Nos complace anunciar que ahora enviaremos nuestros famosos kits de pintura de diamantes a todo el mundo. Despu\u00e9s de realizar su pedido, lo empaquetaremos con amor y lo enviaremos dentro de las 48 horas. Recibir\u00e1s tu pedido en: EE. UU. Australia Europa Resto del mundo Tiempo de env\u00edo: 4-12 d\u00edas h\u00e1biles 4-12 d\u00edas h\u00e1biles 4-12 d\u00edas h\u00e1biles 4-12 [\u2026]<\/p>","protected":false},"author":1,"featured_media":0,"parent":0,"menu_order":0,"comment_status":"closed","ping_status":"closed","template":"template-fullwidth-no-heading.php","meta":{"footnotes":""},"class_list":["post-507","page","type-page","status-publish","hentry"],"test_pod":null,"rank_math_seo_score":"15","rank_math_focus_keyword":null,"_links":{"self":[{"href":"https:\/\/diamondswizard.com\/es\/wp-json\/wp\/v2\/pages\/507","targetHints":{"allow":["GET"]}}],"collection":[{"href":"https:\/\/diamondswizard.com\/es\/wp-json\/wp\/v2\/pages"}],"about":[{"href":"https:\/\/diamondswizard.com\/es\/wp-json\/wp\/v2\/types\/page"}],"author":[{"embeddable":true,"href":"https:\/\/diamondswizard.com\/es\/wp-json\/wp\/v2\/users\/1"}],"replies":[{"embeddable":true,"href":"https:\/\/diamondswizard.com\/es\/wp-json\/wp\/v2\/comments?post=507"}],"version-history":[{"count":0,"href":"https:\/\/diamondswizard.com\/es\/wp-json\/wp\/v2\/pages\/507\/revisions"}],"wp:attachment":[{"href":"https:\/\/diamondswizard.com\/es\/wp-json\/wp\/v2\/media?parent=507"}],"curies":[{"name":"wp","href":"https:\/\/api.w.org\/{rel}","templated":true}]}}