{"id":507,"date":"2022-10-27T10:43:14","date_gmt":"2022-10-27T10:43:14","guid":{"rendered":"https:\/\/diamondswizard.com\/?page_id=507"},"modified":"2023-12-03T05:20:14","modified_gmt":"2023-12-03T05:20:14","slug":"shipping-returns","status":"publish","type":"page","link":"https:\/\/diamondswizard.com\/de\/versand-rucksendungen\/","title":{"rendered":"Versand und R\u00fccksendungen"},"content":{"rendered":"<div data-elementor-type=\"wp-page\" data-elementor-id=\"507\" class=\"elementor elementor-507\" data-elementor-settings=\"{&quot;ha_cmc_init_switcher&quot;:&quot;no&quot;}\" data-elementor-post-type=\"page\">\n\t\t\t\t\t\t<section class=\"elementor-section elementor-top-section elementor-element elementor-element-03836d2 elementor-section-boxed elementor-section-height-default elementor-section-height-default\" data-id=\"03836d2\" data-element_type=\"section\">\n\t\t\t\t\t\t<div class=\"elementor-container elementor-column-gap-default\">\n\t\t\t\t\t<div class=\"elementor-column elementor-col-100 elementor-top-column elementor-element elementor-element-0009103\" data-id=\"0009103\" data-element_type=\"column\">\n\t\t\t<div class=\"elementor-widget-wrap elementor-element-populated\">\n\t\t\t\t\t\t<div class=\"elementor-element elementor-element-d8c4889 elementor-widget elementor-widget-heading\" data-id=\"d8c4889\" data-element_type=\"widget\" data-widget_type=\"heading.default\">\n\t\t\t\t<div class=\"elementor-widget-container\">\n\t\t\t\t\t<h3 class=\"elementor-heading-title elementor-size-default\">Versand<\/h3>\t\t\t\t<\/div>\n\t\t\t\t<\/div>\n\t\t\t\t<div class=\"elementor-element elementor-element-e6f4067 elementor-widget elementor-widget-text-editor\" data-id=\"e6f4067\" data-element_type=\"widget\" data-widget_type=\"text-editor.default\">\n\t\t\t\t<div class=\"elementor-widget-container\">\n\t\t\t\t\t\t\t\t\t<p>Wir freuen uns, Ihnen mitteilen zu k\u00f6nnen, dass wir unsere ber\u00fchmten Diamant-Malsets jetzt weltweit versenden.<\/p><p>Nach Ihrer Bestellung verpacken wir Ihre Bestellung liebevoll und versenden sie innerhalb von 48 Stunden.<\/p><p><span style=\"text-decoration: underline;\">Sie erhalten Ihre Bestellung in:<\/span><\/p>\t\t\t\t\t\t\t\t<\/div>\n\t\t\t\t<\/div>\n\t\t\t\t<div class=\"elementor-element elementor-element-67525ae elementor-widget elementor-widget-html\" data-id=\"67525ae\" data-element_type=\"widget\" data-widget_type=\"html.default\">\n\t\t\t\t<div class=\"elementor-widget-container\">\n\t\t\t\t\t<table>\n    <tr>\n        <th><\/th>\n        <th>USA<\/th>\n        <th>Australien<\/th>\n        <th>Europa<\/th>\n        <th>Rest der Welt<\/th>\n    <\/tr>\n    <tr>\n      <td><strong>Lieferdauer :<\/strong><\/td>\n      <td>4-12 Werktage<\/td>\n      <td>4-12 Werktage<\/td>\n      <td>4-12 Werktage<\/td>\n      <td>4-12 Werktage<\/td>\n    <\/tr>\n    <tr>\n      <td><strong>Preis :<\/strong><\/td>\n      <td>$4.95<\/td>\n      <td>$4.95<\/td>\n      <td>$4.95<\/td>\n      <td>$4.95<\/td>\n    <\/tr>\n  <\/table>\t\t\t\t<\/div>\n\t\t\t\t<\/div>\n\t\t\t\t<div class=\"elementor-element elementor-element-118f70b elementor-widget elementor-widget-text-editor\" data-id=\"118f70b\" data-element_type=\"widget\" data-widget_type=\"text-editor.default\">\n\t\t\t\t<div class=\"elementor-widget-container\">\n\t\t\t\t\t\t\t\t\t<p>Die Standardversandgeb\u00fchr betr\u00e4gt <strong>$4.95<\/strong> Bei Bestellungen \u00fcber $99 ist der Versand kostenlos.<\/p><p>\u00a0<\/p><p><span style=\"text-decoration: underline;\"><strong>Benutzerdefinierte Diamant-Malerei-Sets:<\/strong><\/span><br \/>Eine Bestellung, die ein individuelles Diamant-Malerei-Set enth\u00e4lt, wird innerhalb von 15\u201320 Werktagen geliefert (einschlie\u00dflich: Bildbearbeitung Ihres Fotos durch unsere Designer, Drucken Ihres Diamant-Malerei-Sets auf Premium-Leinwand, Qualit\u00e4tspr\u00fcfung Ihres Diamant-Malerei und Versand).<\/p>\t\t\t\t\t\t\t\t<\/div>\n\t\t\t\t<\/div>\n\t\t\t\t\t<\/div>\n\t\t<\/div>\n\t\t\t\t\t<\/div>\n\t\t<\/section>\n\t\t\t\t<section class=\"elementor-section elementor-top-section elementor-element elementor-element-d26aea3 elementor-section-boxed elementor-section-height-default elementor-section-height-default\" data-id=\"d26aea3\" data-element_type=\"section\">\n\t\t\t\t\t\t<div class=\"elementor-container elementor-column-gap-default\">\n\t\t\t\t\t<div class=\"elementor-column elementor-col-100 elementor-top-column elementor-element elementor-element-264ce85\" data-id=\"264ce85\" data-element_type=\"column\">\n\t\t\t<div class=\"elementor-widget-wrap elementor-element-populated\">\n\t\t\t\t\t\t<div class=\"elementor-element elementor-element-63e1c12 elementor-widget elementor-widget-heading\" data-id=\"63e1c12\" data-element_type=\"widget\" data-widget_type=\"heading.default\">\n\t\t\t\t<div class=\"elementor-widget-container\">\n\t\t\t\t\t<h3 class=\"elementor-heading-title elementor-size-default\">So verfolgen Sie Ihre Bestellung<\/h3>\t\t\t\t<\/div>\n\t\t\t\t<\/div>\n\t\t\t\t<div class=\"elementor-element elementor-element-59b81e3 elementor-widget elementor-widget-text-editor\" data-id=\"59b81e3\" data-element_type=\"widget\" data-widget_type=\"text-editor.default\">\n\t\t\t\t<div class=\"elementor-widget-container\">\n\t\t\t\t\t\t\t\t\t<p>Sobald Ihre Bestellung versandt wurde, senden wir Ihnen a\u00a0<strong>Tracking-Link<\/strong>\u00a0\u00fcber die E-Mail-Adresse, die Sie bei Ihrer Bestellung angegeben haben.<\/p><p>Sie k\u00f6nnen Ihre Bestellung auch verfolgen, indem Sie auf unsere gehen\u00a0<a href=\"\/de\/schiene\/\"><strong>Bestellverfolgungsseite<\/strong><\/a>\u00a0(Sie ben\u00f6tigen Ihre Bestellnummer und Rechnungs-E-Mail)<\/p>\t\t\t\t\t\t\t\t<\/div>\n\t\t\t\t<\/div>\n\t\t\t\t\t<\/div>\n\t\t<\/div>\n\t\t\t\t\t<\/div>\n\t\t<\/section>\n\t\t\t\t<section class=\"elementor-section elementor-top-section elementor-element elementor-element-719d05a elementor-section-boxed elementor-section-height-default elementor-section-height-default\" data-id=\"719d05a\" data-element_type=\"section\">\n\t\t\t\t\t\t<div class=\"elementor-container elementor-column-gap-default\">\n\t\t\t\t\t<div class=\"elementor-column elementor-col-100 elementor-top-column elementor-element elementor-element-5efd971\" data-id=\"5efd971\" data-element_type=\"column\">\n\t\t\t<div class=\"elementor-widget-wrap elementor-element-populated\">\n\t\t\t\t\t\t<div class=\"elementor-element elementor-element-5feb38e elementor-widget elementor-widget-heading\" data-id=\"5feb38e\" data-element_type=\"widget\" data-widget_type=\"heading.default\">\n\t\t\t\t<div class=\"elementor-widget-container\">\n\t\t\t\t\t<h3 class=\"elementor-heading-title elementor-size-default\">Kehrt zur\u00fcck<\/h3>\t\t\t\t<\/div>\n\t\t\t\t<\/div>\n\t\t\t\t<div class=\"elementor-element elementor-element-6691d4c elementor-widget elementor-widget-text-editor\" data-id=\"6691d4c\" data-element_type=\"widget\" data-widget_type=\"text-editor.default\">\n\t\t\t\t<div class=\"elementor-widget-container\">\n\t\t\t\t\t\t\t\t\t<p>Wenn Sie mit Ihrem Kauf unzufrieden sind, k\u00f6nnen Sie Ihre Bestellung innerhalb von 30 Tagen zur\u00fccksenden und eine volle R\u00fcckerstattung erhalten.<\/p><p>Freundlich\u00a0<a href=\"\/de\/kontakt\/\"><strong>Kontaktieren Sie unser Kundenzufriedenheitsteam<\/strong><\/a>\u00a0um Sie bei der R\u00fcckgabe zu unterst\u00fctzen<\/p><p>Weitere Einzelheiten finden Sie in unserem\u00a0<a href=\"\/de\/returns\/\"><strong>R\u00fccknahmegarantie<\/strong><\/a>.<\/p>\t\t\t\t\t\t\t\t<\/div>\n\t\t\t\t<\/div>\n\t\t\t\t\t<\/div>\n\t\t<\/div>\n\t\t\t\t\t<\/div>\n\t\t<\/section>\n\t\t\t\t<\/div>","protected":false},"excerpt":{"rendered":"<p>Versand Wir freuen uns, Ihnen mitteilen zu k\u00f6nnen, dass wir unsere ber\u00fchmten Diamant-Malsets jetzt weltweit versenden. Nach der Bestellung verpacken wir Ihre Bestellung liebevoll und versenden sie innerhalb von 48 Stunden. Sie erhalten Ihre Bestellung in: USA Australien Europa Rest der Welt Lieferzeit: 4-12 Werktage 4-12 Werktage 4-12 Werktage 4-12 [\u2026]<\/p>","protected":false},"author":1,"featured_media":0,"parent":0,"menu_order":0,"comment_status":"closed","ping_status":"closed","template":"template-fullwidth-no-heading.php","meta":{"footnotes":""},"class_list":["post-507","page","type-page","status-publish","hentry"],"test_pod":null,"rank_math_seo_score":"15","rank_math_focus_keyword":null,"_links":{"self":[{"href":"https:\/\/diamondswizard.com\/de\/wp-json\/wp\/v2\/pages\/507","targetHints":{"allow":["GET"]}}],"collection":[{"href":"https:\/\/diamondswizard.com\/de\/wp-json\/wp\/v2\/pages"}],"about":[{"href":"https:\/\/diamondswizard.com\/de\/wp-json\/wp\/v2\/types\/page"}],"author":[{"embeddable":true,"href":"https:\/\/diamondswizard.com\/de\/wp-json\/wp\/v2\/users\/1"}],"replies":[{"embeddable":true,"href":"https:\/\/diamondswizard.com\/de\/wp-json\/wp\/v2\/comments?post=507"}],"version-history":[{"count":0,"href":"https:\/\/diamondswizard.com\/de\/wp-json\/wp\/v2\/pages\/507\/revisions"}],"wp:attachment":[{"href":"https:\/\/diamondswizard.com\/de\/wp-json\/wp\/v2\/media?parent=507"}],"curies":[{"name":"wp","href":"https:\/\/api.w.org\/{rel}","templated":true}]}}