{"id":9270,"date":"2023-08-29T00:00:00","date_gmt":"2023-08-29T00:00:00","guid":{"rendered":"https:\/\/diamondswizard.com\/?post_type=product&#038;p=9270"},"modified":"2023-11-05T04:12:53","modified_gmt":"2023-11-05T04:12:53","slug":"diamond-painting-the-blue-butterfly-on-the-orchid","status":"publish","type":"product","link":"https:\/\/diamondswizard.com\/da\/products\/diamond-painting-the-blue-butterfly-on-the-orchid\/","title":{"rendered":"Diamantmaler den bl\u00e5 sommerfugl p\u00e5 orkid\u00e9en"},"content":{"rendered":"","protected":false},"excerpt":{"rendered":"","protected":false},"featured_media":9291,"comment_status":"open","ping_status":"closed","template":"","meta":[],"product_brand":[],"product_cat":[15,44,59],"product_tag":[],"class_list":{"0":"post-9270","1":"product","2":"type-product","3":"status-publish","4":"has-post-thumbnail","6":"product_cat-all","7":"product_cat-animals","8":"product_cat-butterfly","10":"first","11":"instock","12":"sale","13":"shipping-taxable","14":"purchasable","15":"product-type-variable","16":"has-default-attributes"},"test_pod":null,"rank_math_seo_score":"15","rank_math_focus_keyword":null,"_links":{"self":[{"href":"https:\/\/diamondswizard.com\/da\/wp-json\/wp\/v2\/product\/9270","targetHints":{"allow":["GET"]}}],"collection":[{"href":"https:\/\/diamondswizard.com\/da\/wp-json\/wp\/v2\/product"}],"about":[{"href":"https:\/\/diamondswizard.com\/da\/wp-json\/wp\/v2\/types\/product"}],"replies":[{"embeddable":true,"href":"https:\/\/diamondswizard.com\/da\/wp-json\/wp\/v2\/comments?post=9270"}],"wp:featuredmedia":[{"embeddable":true,"href":"https:\/\/diamondswizard.com\/da\/wp-json\/wp\/v2\/media\/9291"}],"wp:attachment":[{"href":"https:\/\/diamondswizard.com\/da\/wp-json\/wp\/v2\/media?parent=9270"}],"wp:term":[{"taxonomy":"product_brand","embeddable":true,"href":"https:\/\/diamondswizard.com\/da\/wp-json\/wp\/v2\/product_brand?post=9270"},{"taxonomy":"product_cat","embeddable":true,"href":"https:\/\/diamondswizard.com\/da\/wp-json\/wp\/v2\/product_cat?post=9270"},{"taxonomy":"product_tag","embeddable":true,"href":"https:\/\/diamondswizard.com\/da\/wp-json\/wp\/v2\/product_tag?post=9270"}],"curies":[{"name":"wp","href":"https:\/\/api.w.org\/{rel}","templated":true}]}}