{"id":559,"date":"2022-10-28T08:28:36","date_gmt":"2022-10-28T08:28:36","guid":{"rendered":"https:\/\/diamondswizard.com\/?post_type=product&#038;p=559"},"modified":"2023-11-05T04:00:12","modified_gmt":"2023-11-05T04:00:12","slug":"light-pad-for-diamond-painting","status":"publish","type":"product","link":"https:\/\/diamondswizard.com\/da\/products\/lys-pude-til-diamant-maling-2\/","title":{"rendered":"Let pude til diamantmaling"},"content":{"rendered":"<h2 style=\"text-align: center;\">Reducer din \u00f8jenbelastning for altid<\/h2>\n<p style=\"text-align: center;\"><img fetchpriority=\"high\" decoding=\"async\" class=\"aligncenter wp-image-563 size-full\" src=\"http:\/\/diamondswizard.com\/wp-content\/uploads\/2022\/10\/diamonds-wizard-custom-diamond-painting-kits-light-pad-2.jpg\" alt=\"\" width=\"1080\" height=\"1080\" title=\"\" srcset=\"https:\/\/diamondswizard.com\/wp-content\/uploads\/2022\/10\/diamonds-wizard-custom-diamond-painting-kits-light-pad-2.jpg 1080w, https:\/\/diamondswizard.com\/wp-content\/uploads\/2022\/10\/diamonds-wizard-custom-diamond-painting-kits-light-pad-2-300x300.jpg 300w, https:\/\/diamondswizard.com\/wp-content\/uploads\/2022\/10\/diamonds-wizard-custom-diamond-painting-kits-light-pad-2-1024x1024.jpg 1024w, https:\/\/diamondswizard.com\/wp-content\/uploads\/2022\/10\/diamonds-wizard-custom-diamond-painting-kits-light-pad-2-150x150.jpg 150w, https:\/\/diamondswizard.com\/wp-content\/uploads\/2022\/10\/diamonds-wizard-custom-diamond-painting-kits-light-pad-2-768x768.jpg 768w, https:\/\/diamondswizard.com\/wp-content\/uploads\/2022\/10\/diamonds-wizard-custom-diamond-painting-kits-light-pad-2-990x990.jpg 990w, https:\/\/diamondswizard.com\/wp-content\/uploads\/2022\/10\/diamonds-wizard-custom-diamond-painting-kits-light-pad-2-441x441.jpg 441w, https:\/\/diamondswizard.com\/wp-content\/uploads\/2022\/10\/diamonds-wizard-custom-diamond-painting-kits-light-pad-2-100x100.jpg 100w, https:\/\/diamondswizard.com\/wp-content\/uploads\/2022\/10\/diamonds-wizard-custom-diamond-painting-kits-light-pad-2-800x800.jpg 800w\" sizes=\"(max-width: 1080px) 100vw, 1080px\" \/><\/p>\n<p style=\"text-align: center;\">G\u00f8r diamantmaling lettere og fri for hovedpine takket v\u00e6re A4 lyspuden til diamantmaling.<\/p>\n<p style=\"text-align: center;\">Ikke mere at skele eller bruge timer p\u00e5 at finde det matchende m\u00f8nster p\u00e5 l\u00e6rred.<\/p>\n<p>&nbsp;<\/p>\n<p>&nbsp;<\/p>\n<h2 style=\"text-align: center;\">3 Lysstyrkeindstillinger<\/h2>\n<p style=\"text-align: center;\"><img decoding=\"async\" class=\"size-full wp-image-566 aligncenter\" src=\"http:\/\/diamondswizard.com\/wp-content\/uploads\/2022\/10\/diamonds-wizard-custom-diamond-painting-kits-light-pad-5.jpg\" alt=\"\" width=\"1000\" height=\"1000\" title=\"\" srcset=\"https:\/\/diamondswizard.com\/wp-content\/uploads\/2022\/10\/diamonds-wizard-custom-diamond-painting-kits-light-pad-5.jpg 1000w, https:\/\/diamondswizard.com\/wp-content\/uploads\/2022\/10\/diamonds-wizard-custom-diamond-painting-kits-light-pad-5-300x300.jpg 300w, https:\/\/diamondswizard.com\/wp-content\/uploads\/2022\/10\/diamonds-wizard-custom-diamond-painting-kits-light-pad-5-150x150.jpg 150w, https:\/\/diamondswizard.com\/wp-content\/uploads\/2022\/10\/diamonds-wizard-custom-diamond-painting-kits-light-pad-5-768x768.jpg 768w, https:\/\/diamondswizard.com\/wp-content\/uploads\/2022\/10\/diamonds-wizard-custom-diamond-painting-kits-light-pad-5-990x990.jpg 990w, https:\/\/diamondswizard.com\/wp-content\/uploads\/2022\/10\/diamonds-wizard-custom-diamond-painting-kits-light-pad-5-441x441.jpg 441w, https:\/\/diamondswizard.com\/wp-content\/uploads\/2022\/10\/diamonds-wizard-custom-diamond-painting-kits-light-pad-5-100x100.jpg 100w, https:\/\/diamondswizard.com\/wp-content\/uploads\/2022\/10\/diamonds-wizard-custom-diamond-painting-kits-light-pad-5-800x800.jpg 800w\" sizes=\"(max-width: 1000px) 100vw, 1000px\" \/><\/p>\n<p style=\"text-align: center;\"><span style=\"text-decoration: underline;\">Indstil dit lysstyrkeniveau med et enkelt tryk:<\/span><\/p>\n<p style=\"text-align: center;\"><strong>Lav<\/strong>: perfekt til hyggelige aftener ved siden af en varm pejs<br \/>\n<strong>Medium<\/strong>: ideel til dagtimerne<br \/>\n<strong>St\u00e6rk<\/strong>: Perfekt til fredelige solrige dage i haven<\/p>\n<p>&nbsp;<\/p>\n<p>&nbsp;<\/p>\n<h2 style=\"text-align: center;\">Let og b\u00e6rbar<\/h2>\n<p style=\"text-align: center;\">Kun 3,5 mm tynd og A4-st\u00f8rrelse, mindre end en notesblok.<\/p>\n<p style=\"text-align: center;\">Nem at tage med overalt, tager ingen plads i din h\u00e5ndtaske<\/p>\n<p>&nbsp;<\/p>\n<p>&nbsp;<\/p>\n<h2 style=\"text-align: center;\">Tidsbegr\u00e6nset tilbud<\/h2>\n<p style=\"text-align: center;\"><img decoding=\"async\" class=\"size-full wp-image-568 aligncenter\" src=\"http:\/\/diamondswizard.com\/wp-content\/uploads\/2022\/10\/diamonds-wizard-custom-diamond-painting-kits-light-pad-7.jpg\" alt=\"\" width=\"1000\" height=\"1000\" title=\"\" srcset=\"https:\/\/diamondswizard.com\/wp-content\/uploads\/2022\/10\/diamonds-wizard-custom-diamond-painting-kits-light-pad-7.jpg 1000w, https:\/\/diamondswizard.com\/wp-content\/uploads\/2022\/10\/diamonds-wizard-custom-diamond-painting-kits-light-pad-7-300x300.jpg 300w, https:\/\/diamondswizard.com\/wp-content\/uploads\/2022\/10\/diamonds-wizard-custom-diamond-painting-kits-light-pad-7-150x150.jpg 150w, https:\/\/diamondswizard.com\/wp-content\/uploads\/2022\/10\/diamonds-wizard-custom-diamond-painting-kits-light-pad-7-768x768.jpg 768w, https:\/\/diamondswizard.com\/wp-content\/uploads\/2022\/10\/diamonds-wizard-custom-diamond-painting-kits-light-pad-7-990x990.jpg 990w, https:\/\/diamondswizard.com\/wp-content\/uploads\/2022\/10\/diamonds-wizard-custom-diamond-painting-kits-light-pad-7-441x441.jpg 441w, https:\/\/diamondswizard.com\/wp-content\/uploads\/2022\/10\/diamonds-wizard-custom-diamond-painting-kits-light-pad-7-100x100.jpg 100w, https:\/\/diamondswizard.com\/wp-content\/uploads\/2022\/10\/diamonds-wizard-custom-diamond-painting-kits-light-pad-7-800x800.jpg 800w\" sizes=\"(max-width: 1000px) 100vw, 1000px\" \/><\/p>\n<p style=\"text-align: center;\">Slip af med nakke- og rygsmerter med diamantmalingsst\u00f8tten<\/p>\n<p style=\"text-align: center;\"><strong>S\u00e6lges normalt til +$20<\/strong>, du kan f\u00e5 det til kun $9, indtil lageret r\u00e6kker.<\/p>\n<p style=\"text-align: center;\"><strong>F\u00e5 din nedsatte support ved at v\u00e6lge &quot;A4 Light Pad + Support&quot; model<\/strong><\/p>","protected":false},"excerpt":{"rendered":"<ul>\n<li><strong>Reducere<\/strong> \u00d8jenbelastning<\/li>\n<li><strong>3<\/strong> Indstillinger for lysstyrke<\/li>\n<li>Ultra <strong>Tynd<\/strong> (kun 3,5 mm)<\/li>\n<li><strong>Ingen batterier<\/strong> P\u00e5kr\u00e6vet<\/li>\n<\/ul>","protected":false},"featured_media":562,"comment_status":"open","ping_status":"closed","template":"","meta":[],"product_brand":[],"product_cat":[40,43],"product_tag":[],"class_list":{"0":"post-559","1":"product","2":"type-product","3":"status-publish","4":"has-post-thumbnail","6":"product_cat-accessories","7":"product_cat-light-pad-for-diamond-painting","9":"first","10":"instock","11":"sale","12":"shipping-taxable","13":"purchasable","14":"product-type-variable","15":"has-default-attributes"},"test_pod":null,"rank_math_seo_score":"69","rank_math_focus_keyword":"Light Pad for Diamond Painting","_links":{"self":[{"href":"https:\/\/diamondswizard.com\/da\/wp-json\/wp\/v2\/product\/559","targetHints":{"allow":["GET"]}}],"collection":[{"href":"https:\/\/diamondswizard.com\/da\/wp-json\/wp\/v2\/product"}],"about":[{"href":"https:\/\/diamondswizard.com\/da\/wp-json\/wp\/v2\/types\/product"}],"replies":[{"embeddable":true,"href":"https:\/\/diamondswizard.com\/da\/wp-json\/wp\/v2\/comments?post=559"}],"wp:featuredmedia":[{"embeddable":true,"href":"https:\/\/diamondswizard.com\/da\/wp-json\/wp\/v2\/media\/562"}],"wp:attachment":[{"href":"https:\/\/diamondswizard.com\/da\/wp-json\/wp\/v2\/media?parent=559"}],"wp:term":[{"taxonomy":"product_brand","embeddable":true,"href":"https:\/\/diamondswizard.com\/da\/wp-json\/wp\/v2\/product_brand?post=559"},{"taxonomy":"product_cat","embeddable":true,"href":"https:\/\/diamondswizard.com\/da\/wp-json\/wp\/v2\/product_cat?post=559"},{"taxonomy":"product_tag","embeddable":true,"href":"https:\/\/diamondswizard.com\/da\/wp-json\/wp\/v2\/product_tag?post=559"}],"curies":[{"name":"wp","href":"https:\/\/api.w.org\/{rel}","templated":true}]}}