{"id":523,"date":"2022-10-27T12:00:32","date_gmt":"2022-10-27T12:00:32","guid":{"rendered":"https:\/\/diamondswizard.com\/?page_id=523"},"modified":"2024-05-02T04:06:41","modified_gmt":"2024-05-02T04:06:41","slug":"return-policy","status":"publish","type":"page","link":"https:\/\/diamondswizard.com\/da\/returpolitik\/","title":{"rendered":"Returpolitik"},"content":{"rendered":"<p><strong>Sidst opdateret 27. oktober 2022<\/strong><\/p>\n<p>&nbsp;<\/p>\n<p>Tak for dit k\u00f8b. Vi h\u00e5ber, du er tilfreds med dit k\u00f8b. Men hvis du af en eller anden grund ikke er helt tilfreds med dit k\u00f8b, kan du returnere det til os for fuld refusion, butikskredit eller ombytning. Se venligst nedenfor for mere information om vores returpolitik.<\/p>\n<p>&nbsp;<\/p>\n<h2>VENDER TILBAGE<\/h2>\n<p>Alle returneringer skal v\u00e6re poststemplet inden for <strong>fjorten (14) dage<\/strong> af k\u00f8bsdatoen. Alle returnerede varer skal v\u00e6re i nye og ubrugte stand, med alle originale m\u00e6rker og etiketter p\u00e5sat.<\/p>\n<p>&nbsp;<\/p>\n<h2>RETURNERINGSPROCES<\/h2>\n<p>For at returnere en vare skal du sende en e-mail til kundeservice p\u00e5 contact@diamondswizard.com for at f\u00e5 et RMA-nummer (Return Merchandise Authorization). N\u00e5r du har modtaget et RMA-nummer, skal du placere varen sikkert i dens originale emballage og inkludere dit k\u00f8bsbevis, og derefter sende din retur til den adresse, du har f\u00e5et via e-mail.<\/p>\n<p>Bem\u00e6rk venligst, at du er ansvarlig for alle returforsendelsesomkostninger. Vi anbefaler kraftigt, at du bruger en sporbar metode til at sende din returnering.<\/p>\n<p>&nbsp;<\/p>\n<h2>TILBUD<\/h2>\n<p>Efter at have modtaget din retur og kontrolleret din vares tilstand, behandler vi din returnering eller ombytning. Tillad venligst mindst fjorten (14) dage fra modtagelsen af din vare til at behandle din returnering eller ombytning. Det kan tage 1-2 faktureringscyklusser, f\u00f8r tilbagebetalinger vises p\u00e5 dit kreditkortudtog, afh\u00e6ngigt af dit kreditkortselskab. Vi giver dig besked via e-mail, n\u00e5r din returnering er blevet behandlet.<\/p>\n<p>&nbsp;<\/p>\n<h2>UNDTAGELSER<\/h2>\n<p>F\u00f8lgende varer kan ikke returneres eller byttes:<\/p>\n<p>\u25cf brugerdefinerede varer<\/p>\n<p>For defekte eller beskadigede produkter, bedes du kontakte os p\u00e5 kontaktoplysningerne nedenfor for at arrangere en refusion eller ombytning.<\/p>\n<p>&nbsp;<\/p>\n<h2>SP\u00d8RGSM\u00c5L<\/h2>\n<p>Hvis du har sp\u00f8rgsm\u00e5l vedr\u00f8rende vores returpolitik, bedes du kontakte os p\u00e5:<\/p>\n<p><a href=\"mailto:contact@diamondswizard.com\">contact@diamondswizard.com<\/a><\/p>","protected":false},"excerpt":{"rendered":"<p>Sidst opdateret 27. oktober 2022 Tak for dit k\u00f8b. Vi h\u00e5ber, du er tilfreds med dit k\u00f8b. Men hvis du af en eller anden grund ikke er helt tilfreds med dit k\u00f8b, kan du returnere det til os for fuld refusion, butikskredit eller ombytning. Se venligst nedenfor for mere information om vores [\u2026]<\/p>","protected":false},"author":1,"featured_media":0,"parent":0,"menu_order":0,"comment_status":"closed","ping_status":"closed","template":"","meta":{"footnotes":""},"class_list":["post-523","page","type-page","status-publish","hentry"],"test_pod":null,"rank_math_seo_score":"10","rank_math_focus_keyword":null,"_links":{"self":[{"href":"https:\/\/diamondswizard.com\/da\/wp-json\/wp\/v2\/pages\/523","targetHints":{"allow":["GET"]}}],"collection":[{"href":"https:\/\/diamondswizard.com\/da\/wp-json\/wp\/v2\/pages"}],"about":[{"href":"https:\/\/diamondswizard.com\/da\/wp-json\/wp\/v2\/types\/page"}],"author":[{"embeddable":true,"href":"https:\/\/diamondswizard.com\/da\/wp-json\/wp\/v2\/users\/1"}],"replies":[{"embeddable":true,"href":"https:\/\/diamondswizard.com\/da\/wp-json\/wp\/v2\/comments?post=523"}],"version-history":[{"count":0,"href":"https:\/\/diamondswizard.com\/da\/wp-json\/wp\/v2\/pages\/523\/revisions"}],"wp:attachment":[{"href":"https:\/\/diamondswizard.com\/da\/wp-json\/wp\/v2\/media?parent=523"}],"curies":[{"name":"wp","href":"https:\/\/api.w.org\/{rel}","templated":true}]}}